{"id":569,"date":"2022-03-04T18:13:14","date_gmt":"2022-03-04T18:13:14","guid":{"rendered":"https:\/\/borges1896.com\/br-pt\/?page_id=569"},"modified":"2022-03-04T18:13:14","modified_gmt":"2022-03-04T18:13:14","slug":"aviso-legal","status":"publish","type":"page","link":"https:\/\/borges1896.com\/br-pt\/aviso-legal\/","title":{"rendered":"Aviso legal"},"content":{"rendered":"<p>Todos os direitos de propriedade industrial e intelectual do site www.borges.es e seus conte\u00fados (textos, imagens, sons, \u00e1udios, gr\u00e1ficos, v\u00eddeos, design, c\u00f3digos fonte, software) s\u00e3o propriedade de BORGES S.A. ou, se aplic\u00e1vel, de terceiros. O usu\u00e1rio pode visualizar todos os elementos, imprimi-los, copi\u00e1-los e guard\u00e1-los em seu disco r\u00edgido ou em qualquer outro meio f\u00edsico sempre que sejam exclusivamente para uso pessoal e privado. Qualquer uso das informa\u00e7\u00f5es aqui contidas, incluindo comercializa\u00e7\u00e3o, distribui\u00e7\u00e3o, bem como modifica\u00e7\u00e3o, altera\u00e7\u00e3o e descompila\u00e7\u00e3o, em qualquer forma, \u00e9 proibida.<\/p>\n<p>O usu\u00e1rio se compromete a fazer o uso adequado dos conte\u00fados e servi\u00e7os (a exemplo de opini\u00e3o ou leitura) oferecidos por Borges em seu site e a n\u00e3o us\u00e1-los para cometer fraudes ou atos ilegais, de m\u00e1-f\u00e9 ou contr\u00e1rios ao ordenamento jur\u00eddico; n\u00e3o causar danos aos sistemas l\u00f3gicos e f\u00edsicos da Borges ou de seus fornecedores ou de terceiros; e n\u00e3o introduzir ou disseminar v\u00edrus na rede de computadores ou quaisquer outros sistemas f\u00edsicos ou l\u00f3gicos sujeitos a causar os danos acima mencionados.<br \/>\nA Borges reserva-se o direito de efetuar as modifica\u00e7\u00f5es que considere oportunas em seu site sem aviso pr\u00e9vio, podendo alterar, eliminar ou adicionar tanto os conte\u00fados e servi\u00e7os que presta quanto a forma como s\u00e3o apresentados ou localizados.<\/p>\n<p>A Borges processar\u00e1 o incumprimento das referidas condi\u00e7\u00f5es, bem como qualquer outra utiliza\u00e7\u00e3o indevida dos conte\u00fados apresentados em seu site, aplicando todas as a\u00e7\u00f5es civis e criminais a que tem direito por lei.<\/p>\n<p>A Borges s\u00f3 autoriza cita\u00e7\u00f5es de seus conte\u00fados em outros sites com o tratamento adequado. No caso de haver um link HyperText para alguma de suas p\u00e1ginas, o usu\u00e1rio deve reconhecer que est\u00e1 entrando no site da Borges e deve visualizar o endere\u00e7o URL em seu navegador.<\/p>\n<p>Em rela\u00e7\u00e3o aos servi\u00e7os disponibilizados aos usu\u00e1rios por meio de cadastro, toda a informa\u00e7\u00e3o \u00e9 mantida sob a mais estrita privacidade de acordo com a legisla\u00e7\u00e3o vigente. A Borges cumpre com esta lei relativa \u00e0 prote\u00e7\u00e3o de dados pessoais de seus assinantes e os mant\u00e9m na mais estrita confidencialidade de acordo com a Lei Org\u00e2nica Espanhola 15\/99 de 13 de dezembro de 1999 sobre Prote\u00e7\u00e3o de Dados Pessoais (doravante, LOPD).<\/p>\n<p>O usu\u00e1rio cadastrado no site da Borges pode, a qualquer momento, ter o direito de acessar, retificar, cancelar e revogar o consentimento para a cess\u00e3o de seus dados nos termos estipulados na referida Lei e demais normas que a regem, e conforme estipulado na LOPD.<\/p>\n","protected":false},"excerpt":{"rendered":"<p>Todos os direitos de propriedade industrial e intelectual do site www.borges.es e seus conte\u00fados (textos, imagens, sons, \u00e1udios, gr\u00e1ficos, v\u00eddeos,&#8230;<\/p>\n","protected":false},"author":2,"featured_media":0,"parent":0,"menu_order":0,"comment_status":"closed","ping_status":"closed","template":"","meta":{"_acf_changed":false,"footnotes":""},"class_list":["post-569","page","type-page","status-publish","hentry"],"acf":[],"yoast_head":"<!-- This site is optimized with the Yoast SEO plugin v27.3 - https:\/\/yoast.com\/product\/yoast-seo-wordpress\/ -->\n<title>Aviso legal - Borges Brazil<\/title>\n<meta name=\"robots\" content=\"index, follow, max-snippet:-1, max-image-preview:large, max-video-preview:-1\" \/>\n<link rel=\"canonical\" href=\"https:\/\/borges1896.com\/br-pt\/aviso-legal\/\" \/>\n<meta property=\"og:locale\" content=\"pt_BR\" \/>\n<meta property=\"og:type\" content=\"article\" \/>\n<meta property=\"og:title\" content=\"Aviso legal - Borges Brazil\" \/>\n<meta property=\"og:description\" content=\"Todos os direitos de propriedade industrial e intelectual do site www.borges.es e seus conte\u00fados (textos, imagens, sons, \u00e1udios, gr\u00e1ficos, v\u00eddeos,...\" \/>\n<meta property=\"og:url\" content=\"https:\/\/borges1896.com\/br-pt\/aviso-legal\/\" \/>\n<meta property=\"og:site_name\" content=\"Borges Brazil\" \/>\n<meta name=\"twitter:card\" content=\"summary_large_image\" \/>\n<meta name=\"twitter:label1\" content=\"Est. tempo de leitura\" \/>\n\t<meta name=\"twitter:data1\" content=\"2 minutos\" \/>\n<script type=\"application\/ld+json\" class=\"yoast-schema-graph\">{\"@context\":\"https:\\\/\\\/schema.org\",\"@graph\":[{\"@type\":\"WebPage\",\"@id\":\"https:\\\/\\\/borges1896.com\\\/br-pt\\\/aviso-legal\\\/\",\"url\":\"https:\\\/\\\/borges1896.com\\\/br-pt\\\/aviso-legal\\\/\",\"name\":\"Aviso legal - Borges Brazil\",\"isPartOf\":{\"@id\":\"https:\\\/\\\/borges1896.com\\\/br-pt\\\/#website\"},\"datePublished\":\"2022-03-04T18:13:14+00:00\",\"breadcrumb\":{\"@id\":\"https:\\\/\\\/borges1896.com\\\/br-pt\\\/aviso-legal\\\/#breadcrumb\"},\"inLanguage\":\"pt-BR\",\"potentialAction\":[{\"@type\":\"ReadAction\",\"target\":[\"https:\\\/\\\/borges1896.com\\\/br-pt\\\/aviso-legal\\\/\"]}]},{\"@type\":\"BreadcrumbList\",\"@id\":\"https:\\\/\\\/borges1896.com\\\/br-pt\\\/aviso-legal\\\/#breadcrumb\",\"itemListElement\":[{\"@type\":\"ListItem\",\"position\":1,\"name\":\"Home\",\"item\":\"https:\\\/\\\/borges1896.com\\\/br-pt\\\/\"},{\"@type\":\"ListItem\",\"position\":2,\"name\":\"Aviso legal\"}]},{\"@type\":\"WebSite\",\"@id\":\"https:\\\/\\\/borges1896.com\\\/br-pt\\\/#website\",\"url\":\"https:\\\/\\\/borges1896.com\\\/br-pt\\\/\",\"name\":\"Borges Brazil\",\"description\":\"Just another Borges International site\",\"inLanguage\":\"pt-BR\"}]}<\/script>\n<!-- \/ Yoast SEO plugin. -->","yoast_head_json":{"title":"Aviso legal - Borges Brazil","robots":{"index":"index","follow":"follow","max-snippet":"max-snippet:-1","max-image-preview":"max-image-preview:large","max-video-preview":"max-video-preview:-1"},"canonical":"https:\/\/borges1896.com\/br-pt\/aviso-legal\/","og_locale":"pt_BR","og_type":"article","og_title":"Aviso legal - Borges Brazil","og_description":"Todos os direitos de propriedade industrial e intelectual do site www.borges.es e seus conte\u00fados (textos, imagens, sons, \u00e1udios, gr\u00e1ficos, v\u00eddeos,...","og_url":"https:\/\/borges1896.com\/br-pt\/aviso-legal\/","og_site_name":"Borges Brazil","twitter_card":"summary_large_image","twitter_misc":{"Est. tempo de leitura":"2 minutos"},"schema":{"@context":"https:\/\/schema.org","@graph":[{"@type":"WebPage","@id":"https:\/\/borges1896.com\/br-pt\/aviso-legal\/","url":"https:\/\/borges1896.com\/br-pt\/aviso-legal\/","name":"Aviso legal - Borges Brazil","isPartOf":{"@id":"https:\/\/borges1896.com\/br-pt\/#website"},"datePublished":"2022-03-04T18:13:14+00:00","breadcrumb":{"@id":"https:\/\/borges1896.com\/br-pt\/aviso-legal\/#breadcrumb"},"inLanguage":"pt-BR","potentialAction":[{"@type":"ReadAction","target":["https:\/\/borges1896.com\/br-pt\/aviso-legal\/"]}]},{"@type":"BreadcrumbList","@id":"https:\/\/borges1896.com\/br-pt\/aviso-legal\/#breadcrumb","itemListElement":[{"@type":"ListItem","position":1,"name":"Home","item":"https:\/\/borges1896.com\/br-pt\/"},{"@type":"ListItem","position":2,"name":"Aviso legal"}]},{"@type":"WebSite","@id":"https:\/\/borges1896.com\/br-pt\/#website","url":"https:\/\/borges1896.com\/br-pt\/","name":"Borges Brazil","description":"Just another Borges International site","inLanguage":"pt-BR"}]}},"_links":{"self":[{"href":"https:\/\/borges1896.com\/br-pt\/wp-json\/wp\/v2\/pages\/569","targetHints":{"allow":["GET"]}}],"collection":[{"href":"https:\/\/borges1896.com\/br-pt\/wp-json\/wp\/v2\/pages"}],"about":[{"href":"https:\/\/borges1896.com\/br-pt\/wp-json\/wp\/v2\/types\/page"}],"author":[{"embeddable":true,"href":"https:\/\/borges1896.com\/br-pt\/wp-json\/wp\/v2\/users\/2"}],"replies":[{"embeddable":true,"href":"https:\/\/borges1896.com\/br-pt\/wp-json\/wp\/v2\/comments?post=569"}],"version-history":[{"count":1,"href":"https:\/\/borges1896.com\/br-pt\/wp-json\/wp\/v2\/pages\/569\/revisions"}],"predecessor-version":[{"id":570,"href":"https:\/\/borges1896.com\/br-pt\/wp-json\/wp\/v2\/pages\/569\/revisions\/570"}],"wp:attachment":[{"href":"https:\/\/borges1896.com\/br-pt\/wp-json\/wp\/v2\/media?parent=569"}],"curies":[{"name":"wp","href":"https:\/\/api.w.org\/{rel}","templated":true}]}}