{"id":571,"date":"2022-03-04T18:14:23","date_gmt":"2022-03-04T18:14:23","guid":{"rendered":"https:\/\/borges1896.com\/br-pt\/?page_id=571"},"modified":"2022-03-04T18:31:51","modified_gmt":"2022-03-04T18:31:51","slug":"politica-de-privacidade","status":"publish","type":"page","link":"https:\/\/borges1896.com\/br-pt\/politica-de-privacidade\/","title":{"rendered":"Pol\u00edtica de privacidade"},"content":{"rendered":"<h2>Pol\u00edtica de privacidade e registro de atividades<\/h2>\n<p>De acordo com o Regulamento Europeu de Privacidade 679\/2016, informamos que os dados passar\u00e3o a fazer parte de um arquivo que \u00e9 de responsabilidade da <strong>Borges International Group, S.L.<\/strong> com o objetivo de gerenciar esta comunica\u00e7\u00e3o. Seus dados ser\u00e3o mantidos enquanto o incidente for gerenciado, podendo ser transferidos atrav\u00e9s de qualquer empresa do Grupo Borges International. Em casos excepcionais, esses dados ser\u00e3o armazenados por mais tempo, em outro ambiente protegido. O Delegado de Prote\u00e7\u00e3o de Dados \u00e9 <strong>UNIVER IURIS S.L<\/strong>. <a href=\"http:\/\/www.uneon.es\" target=\"_blank\" rel=\"noopener\">www.uneon.es<\/a>). O usu\u00e1rio tem o direito de acesso, limita\u00e7\u00e3o, portabilidade e retifica\u00e7\u00e3o \u00e0 Autoridade Espanhola de Prote\u00e7\u00e3o de Dados, elimina\u00e7\u00e3o, omiss\u00e3o, cancelamento e oposi\u00e7\u00e3o ao tratamento destes dados atrav\u00e9s do e-mail <a href=\"mailto:lopd@borges-big.com\">lopd@borges-big.com<\/a> ou na sede social em C\/Flix n\u00ba29, 43205 Reus (Espanha).<\/p>\n<p>N\u00f3s responderemos a qualquer solicita\u00e7\u00e3o.\u00a0De acordo com o Regulamento Europeu de Privacidade, fornecemos o registro das atividades.<\/p>\n<h4>Registro das atividades<\/h4>\n<p><strong>Respons\u00e1vel pelo tratamento de dados<\/strong><br \/>\nBorges International Group, S.L.<br \/>\nEndere\u00e7o: Rua Flix 29, 43205, Reus<br \/>\nCIF: B-43214139<br \/>\nE-mail: <a href=\"mailto:lopd@borges-big.com\">lopd@borges-big.com<\/a><br \/>\nTel: +34 977 30 90 00<\/p>\n<p><strong>Delegado de Prote\u00e7\u00e3o de Dados (Data Protection Officer)<\/strong><br \/>\nUNIVER IURIS S.L.<br \/>\nEndere\u00e7o: Moll de la Marina n\u00ba 6 Puerto Ol\u00edmpico Barcelona<br \/>\nCIF B63044010<br \/>\nE-mail: <a href=\"mailto:consultes@uneon.es\">consultes@uneon.es<\/a><\/p>\n<p><strong>Finalidade do tratamento de dados<br \/>\n<\/strong>Tratamento de dados curriculares para gest\u00e3o de vagas de trabalho, colaboradores para gest\u00e3o laboral, clientes para gest\u00e3o fiscal, consumidores para gest\u00e3o do clube e promo\u00e7\u00f5es, videovigil\u00e2ncia para seguran\u00e7a, clientes e fornecedores para gest\u00e3o fiscal e contatos.<br \/>\nCategoria Curr\u00edculos: dados de identifica\u00e7\u00e3o<br \/>\nColaboradores: dados de identifica\u00e7\u00e3o, conta banc\u00e1ria e requisitos legais da seguran\u00e7a social, INEM etc.<br \/>\nClientes, contatos e fornecedores: dados de identifica\u00e7\u00e3o<br \/>\nConsumidores: dados de identifica\u00e7\u00e3o<br \/>\nV\u00eddeos assistidos: dados de imagem<\/p>\n<p><strong>Tempo de armazenamento de dados<\/strong><br \/>\nDurante os per\u00edodos de responsabilidade trabalhista, fiscal e civil<\/p>\n<p><strong>Seguran\u00e7a<\/strong><br \/>\nPor quest\u00f5es de seguran\u00e7a, somente as solicita\u00e7\u00f5es baseadas no contato do DPO ser\u00e3o atendidas.<\/p>\n","protected":false},"excerpt":{"rendered":"<p>Pol\u00edtica de privacidade e registro de atividades De acordo com o Regulamento Europeu de Privacidade 679\/2016, informamos que os dados&#8230;<\/p>\n","protected":false},"author":2,"featured_media":0,"parent":0,"menu_order":0,"comment_status":"closed","ping_status":"closed","template":"","meta":{"_acf_changed":false,"footnotes":""},"class_list":["post-571","page","type-page","status-publish","hentry"],"acf":[],"yoast_head":"<!-- This site is optimized with the Yoast SEO plugin v27.4 - https:\/\/yoast.com\/product\/yoast-seo-wordpress\/ -->\n<title>Pol\u00edtica de privacidade - Borges Brazil<\/title>\n<meta name=\"robots\" content=\"index, follow, max-snippet:-1, max-image-preview:large, max-video-preview:-1\" \/>\n<link rel=\"canonical\" href=\"https:\/\/borges1896.com\/br-pt\/politica-de-privacidade\/\" \/>\n<meta property=\"og:locale\" content=\"pt_BR\" \/>\n<meta property=\"og:type\" content=\"article\" \/>\n<meta property=\"og:title\" content=\"Pol\u00edtica de privacidade - Borges Brazil\" \/>\n<meta property=\"og:description\" content=\"Pol\u00edtica de privacidade e registro de atividades De acordo com o Regulamento Europeu de Privacidade 679\/2016, informamos que os dados...\" \/>\n<meta property=\"og:url\" content=\"https:\/\/borges1896.com\/br-pt\/politica-de-privacidade\/\" \/>\n<meta property=\"og:site_name\" content=\"Borges Brazil\" \/>\n<meta property=\"article:modified_time\" content=\"2022-03-04T18:31:51+00:00\" \/>\n<meta name=\"twitter:card\" content=\"summary_large_image\" \/>\n<meta name=\"twitter:label1\" content=\"Est. tempo de leitura\" \/>\n\t<meta name=\"twitter:data1\" content=\"2 minutos\" \/>\n<script type=\"application\/ld+json\" class=\"yoast-schema-graph\">{\"@context\":\"https:\\\/\\\/schema.org\",\"@graph\":[{\"@type\":\"WebPage\",\"@id\":\"https:\\\/\\\/borges1896.com\\\/br-pt\\\/politica-de-privacidade\\\/\",\"url\":\"https:\\\/\\\/borges1896.com\\\/br-pt\\\/politica-de-privacidade\\\/\",\"name\":\"Pol\u00edtica de privacidade - Borges Brazil\",\"isPartOf\":{\"@id\":\"https:\\\/\\\/borges1896.com\\\/br-pt\\\/#website\"},\"datePublished\":\"2022-03-04T18:14:23+00:00\",\"dateModified\":\"2022-03-04T18:31:51+00:00\",\"breadcrumb\":{\"@id\":\"https:\\\/\\\/borges1896.com\\\/br-pt\\\/politica-de-privacidade\\\/#breadcrumb\"},\"inLanguage\":\"pt-BR\",\"potentialAction\":[{\"@type\":\"ReadAction\",\"target\":[\"https:\\\/\\\/borges1896.com\\\/br-pt\\\/politica-de-privacidade\\\/\"]}]},{\"@type\":\"BreadcrumbList\",\"@id\":\"https:\\\/\\\/borges1896.com\\\/br-pt\\\/politica-de-privacidade\\\/#breadcrumb\",\"itemListElement\":[{\"@type\":\"ListItem\",\"position\":1,\"name\":\"Home\",\"item\":\"https:\\\/\\\/borges1896.com\\\/br-pt\\\/\"},{\"@type\":\"ListItem\",\"position\":2,\"name\":\"Pol\u00edtica de privacidade\"}]},{\"@type\":\"WebSite\",\"@id\":\"https:\\\/\\\/borges1896.com\\\/br-pt\\\/#website\",\"url\":\"https:\\\/\\\/borges1896.com\\\/br-pt\\\/\",\"name\":\"Borges Brazil\",\"description\":\"Just another Borges International site\",\"inLanguage\":\"pt-BR\"}]}<\/script>\n<!-- \/ Yoast SEO plugin. -->","yoast_head_json":{"title":"Pol\u00edtica de privacidade - Borges Brazil","robots":{"index":"index","follow":"follow","max-snippet":"max-snippet:-1","max-image-preview":"max-image-preview:large","max-video-preview":"max-video-preview:-1"},"canonical":"https:\/\/borges1896.com\/br-pt\/politica-de-privacidade\/","og_locale":"pt_BR","og_type":"article","og_title":"Pol\u00edtica de privacidade - Borges Brazil","og_description":"Pol\u00edtica de privacidade e registro de atividades De acordo com o Regulamento Europeu de Privacidade 679\/2016, informamos que os dados...","og_url":"https:\/\/borges1896.com\/br-pt\/politica-de-privacidade\/","og_site_name":"Borges Brazil","article_modified_time":"2022-03-04T18:31:51+00:00","twitter_card":"summary_large_image","twitter_misc":{"Est. tempo de leitura":"2 minutos"},"schema":{"@context":"https:\/\/schema.org","@graph":[{"@type":"WebPage","@id":"https:\/\/borges1896.com\/br-pt\/politica-de-privacidade\/","url":"https:\/\/borges1896.com\/br-pt\/politica-de-privacidade\/","name":"Pol\u00edtica de privacidade - Borges Brazil","isPartOf":{"@id":"https:\/\/borges1896.com\/br-pt\/#website"},"datePublished":"2022-03-04T18:14:23+00:00","dateModified":"2022-03-04T18:31:51+00:00","breadcrumb":{"@id":"https:\/\/borges1896.com\/br-pt\/politica-de-privacidade\/#breadcrumb"},"inLanguage":"pt-BR","potentialAction":[{"@type":"ReadAction","target":["https:\/\/borges1896.com\/br-pt\/politica-de-privacidade\/"]}]},{"@type":"BreadcrumbList","@id":"https:\/\/borges1896.com\/br-pt\/politica-de-privacidade\/#breadcrumb","itemListElement":[{"@type":"ListItem","position":1,"name":"Home","item":"https:\/\/borges1896.com\/br-pt\/"},{"@type":"ListItem","position":2,"name":"Pol\u00edtica de privacidade"}]},{"@type":"WebSite","@id":"https:\/\/borges1896.com\/br-pt\/#website","url":"https:\/\/borges1896.com\/br-pt\/","name":"Borges Brazil","description":"Just another Borges International site","inLanguage":"pt-BR"}]}},"_links":{"self":[{"href":"https:\/\/borges1896.com\/br-pt\/wp-json\/wp\/v2\/pages\/571","targetHints":{"allow":["GET"]}}],"collection":[{"href":"https:\/\/borges1896.com\/br-pt\/wp-json\/wp\/v2\/pages"}],"about":[{"href":"https:\/\/borges1896.com\/br-pt\/wp-json\/wp\/v2\/types\/page"}],"author":[{"embeddable":true,"href":"https:\/\/borges1896.com\/br-pt\/wp-json\/wp\/v2\/users\/2"}],"replies":[{"embeddable":true,"href":"https:\/\/borges1896.com\/br-pt\/wp-json\/wp\/v2\/comments?post=571"}],"version-history":[{"count":3,"href":"https:\/\/borges1896.com\/br-pt\/wp-json\/wp\/v2\/pages\/571\/revisions"}],"predecessor-version":[{"id":574,"href":"https:\/\/borges1896.com\/br-pt\/wp-json\/wp\/v2\/pages\/571\/revisions\/574"}],"wp:attachment":[{"href":"https:\/\/borges1896.com\/br-pt\/wp-json\/wp\/v2\/media?parent=571"}],"curies":[{"name":"wp","href":"https:\/\/api.w.org\/{rel}","templated":true}]}}