{"id":575,"date":"2022-03-04T18:35:33","date_gmt":"2022-03-04T18:35:33","guid":{"rendered":"https:\/\/borges1896.com\/br-pt\/?page_id=575"},"modified":"2022-03-04T18:35:33","modified_gmt":"2022-03-04T18:35:33","slug":"politica-de-cookies","status":"publish","type":"page","link":"https:\/\/borges1896.com\/br-pt\/politica-de-cookies\/","title":{"rendered":"Pol\u00edtica de cookies"},"content":{"rendered":"<p><strong>Em rela\u00e7\u00e3o aos cookies durante a navega\u00e7\u00e3o<\/strong><\/p>\n<p><strong>\u00a0<\/strong>Os cookies s\u00e3o pequenos arquivos de informa\u00e7\u00e3o enviados por um site e armazenados no seu computador para que o site possa verificar sua atividade pr\u00e9via.<\/p>\n<p><strong>Gerenciar cookies<\/strong><\/p>\n<p>Voc\u00ea pode permitir, bloquear ou excluir cookies instalados em seu computador configurando as op\u00e7\u00f5es do navegador instalado em seu computador.<strong>\u00a0<\/strong><\/p>\n<p>Se voc\u00ea n\u00e3o tiver certeza sobre qual tipo e vers\u00e3o do navegador voc\u00ea usa para acessar a Internet:<\/p>\n<p>Para Windows: clique em \u201cAjuda\u201d na parte superior da janela do seu navegador e selecione a op\u00e7\u00e3o \u201cSobre\u201d.<\/p>\n<p>Para Mac: com a janela do navegador aberta, clique no menu Apple e selecione a op\u00e7\u00e3o \u201cSobre\u201d.<\/p>\n<p><strong>Como gerenciar cookies no Windows<\/strong><\/p>\n<p><strong>Google Chrome:<\/strong><\/p>\n<ol>\n<li>Clique no menu Chrome na barra de ferramentas do navegador.<\/li>\n<li>Selecione \u201cConfigura\u00e7\u00f5es\u201d.<\/li>\n<li>Clique em \u201cMostrar op\u00e7\u00f5es avan\u00e7adas\u201d.<\/li>\n<li>Na guia &#8220;Privacidade&#8221;, clique no bot\u00e3o &#8220;Configura\u00e7\u00f5es de conte\u00fado&#8221;.<\/li>\n<li>Na guia \u201cCookies\u201d, voc\u00ea pode configurar as seguintes op\u00e7\u00f5es: Excluir cookies, bloquear ou permitir cookies por padr\u00e3o, incluir exce\u00e7\u00f5es de cookies de dom\u00ednios ou sites espec\u00edficos.<\/li>\n<li>Consulte a Ajuda do Google Chrome para obter mais detalhes.<\/li>\n<\/ol>\n<p><strong>\u00a0<\/strong><strong>Microsoft Internet Explorer 7.0 e 8.0:<\/strong><\/p>\n<p>Clique no bot\u00e3o &#8220;Ferramentas&#8221; e depois em &#8220;Op\u00e7\u00f5es da Internet&#8221;.<\/p>\n<ol>\n<li>Clique na op\u00e7\u00e3o \u201cPrivacidade\u201d e mova o controle deslizante para uma posi\u00e7\u00e3o intermedi\u00e1ria entre as extremidades superior e inferior para que n\u00e3o bloqueiem ou permitam todos os cookies.<\/li>\n<li>Clique em \u201cSites\u201d.<\/li>\n<li>Na caixa &#8220;Endere\u00e7o do site&#8221;, digite o endere\u00e7o de um site e clique em &#8220;Bloquear&#8221; ou &#8220;Permitir\u201d.<\/li>\n<li>\u00c0 medida que voc\u00ea digita, aparecer\u00e1 uma lista das p\u00e1ginas da web que voc\u00ea visitou. Se voc\u00ea clicar em um item da lista, ele ser\u00e1 exibido na caixa \u201cEndere\u00e7o do site\u201d.<\/li>\n<li>Quando terminar, clique em \u201cOK\u201d.<\/li>\n<\/ol>\n<p>12 Retorne o controle deslizante para sua posi\u00e7\u00e3o original e clique em \u201cOK\u201d.<\/p>\n<ol>\n<li>Voc\u00ea pode consultar a Ajuda do Windows para obter mais informa\u00e7\u00f5es<strong>.<\/strong><\/li>\n<\/ol>\n<p><strong>Mozilla Firefox:<\/strong><\/p>\n<ol>\n<li>Na parte superior da janela do Firefox, clique no bot\u00e3o Firefox e selecione \u201cOp\u00e7\u00f5es\u201d.<\/li>\n<li>Selecione o painel \u201cPrivacidade\u201d.<\/li>\n<li>Escolha \u201cUsar configura\u00e7\u00f5es personalizadas para o hist\u00f3rico\u201d.<\/li>\n<li>Marque a op\u00e7\u00e3o \u201cAceitar cookies\u201d para ativ\u00e1-los e desmarque-os para desativ\u00e1-los.<\/li>\n<li>Caso n\u00e3o queira receber cookies desmarque \u201cAceitar cookies de terceiros\u201d.<\/li>\n<li>Voc\u00ea pode consultar a Ajuda do FireFox para mais informa\u00e7\u00f5es<\/li>\n<\/ol>\n<p><strong>Safari:<\/strong><\/p>\n<ol>\n<li>Clique em \u201cSafari\u201d na parte superior da janela do seu navegador e selecione a op\u00e7\u00e3o \u201cPrefer\u00eancias\u201d.<\/li>\n<li>Clique em \u201cPrivacidade\u201d.<\/li>\n<li>Na op\u00e7\u00e3o \u201cBloquear cookies\u201d selecione uma das seguintes op\u00e7\u00f5es conforme seu interesse: \u201cPublicidade e terceiros\u201d, \u201cSempre\u201d ou \u201cNunca\u201d.<\/li>\n<\/ol>\n<p><strong>Opera:<\/strong><\/p>\n<ol>\n<li>Clique em &#8220;Configura\u00e7\u00f5es&#8221; na parte superior da janela do navegador e selecione &#8220;Op\u00e7\u00f5es&#8221;.<\/li>\n<li>Em seguida, selecione a op\u00e7\u00e3o &#8220;Avan\u00e7ado&#8221; e, na lista \u00e0 esquerda, selecione &#8220;Cookies&#8221;. 25. Em seguida, selecione &#8220;Aceitar cookies&#8221;.<\/li>\n<li>H\u00e1 tr\u00eas op\u00e7\u00f5es de acordo com sua prefer\u00eancia: &#8220;Aceitar cookies&#8221;, &#8220;Aceitar cookies apenas do site visitado&#8221; ou &#8220;Nunca aceitar cookies\u201d.<\/li>\n<\/ol>\n<p><strong>Como gerenciar cookies no Mac<\/strong><\/p>\n<p><strong>Google Chrome<\/strong><\/p>\n<ol>\n<li>Clique no menu Chrome localizado na barra de ferramentas do navegador.<\/li>\n<li>Selecione &#8220;Configura\u00e7\u00f5es&#8221;.<\/li>\n<li>Clique em &#8220;Mostrar op\u00e7\u00f5es avan\u00e7adas&#8221;.<\/li>\n<li>Na op\u00e7\u00e3o &#8220;Privacidade&#8221;, clique no bot\u00e3o &#8220;Configura\u00e7\u00f5es de conte\u00fado&#8221;.<\/li>\n<li>Na op\u00e7\u00e3o &#8220;Cookies&#8221;, configure as seguintes op\u00e7\u00f5es: Excluir cookies, bloquear ou permitir cookies por padr\u00e3o, incluir exce\u00e7\u00f5es de cookies de dom\u00ednios ou sites espec\u00edficos.<\/li>\n<\/ol>\n<p><strong>Microsoft Internet Explorer<\/strong><\/p>\n<ol>\n<li>Clique em &#8220;Explorer&#8221; na parte superior da janela do navegador e selecione a op\u00e7\u00e3o &#8220;Prefer\u00eancias&#8221;.<\/li>\n<li>Role para baixo at\u00e9 que \u201cCookies\u201d apare\u00e7a em Arquivos recebidos.<\/li>\n<li>Selecione a op\u00e7\u00e3o &#8220;Nunca perguntar&#8221;.<\/li>\n<li>Clique em &#8220;Aceitar\u201d.<\/li>\n<\/ol>\n<p><strong>Mozilla Firefox<\/strong><\/p>\n<ol>\n<li>Na barra de menu, clique no menu Firefox e selecione &#8220;Prefer\u00eancias&#8221;.<\/li>\n<li>Selecione a op\u00e7\u00e3o \u201cPrivacidade\u201d.<\/li>\n<li>Na op\u00e7\u00e3o \u201cFirefox\u201d, escolha &#8220;Usar uma configura\u00e7\u00e3o personalizada para o hist\u00f3rico&#8221;.<\/li>\n<li>Marque a op\u00e7\u00e3o &#8220;Aceitar cookies&#8221; para ativ\u00e1-los e desmarque-os para desativ\u00e1-los.<\/li>\n<li>Se n\u00e3o deseja receber cookies de terceiros, desmarque a op\u00e7\u00e3o &#8220;Aceitar cookies de terceiros\u201d.<\/li>\n<\/ol>\n<p><strong>\u00a0<\/strong><strong>Safari<\/strong><\/p>\n<ol start=\"41\">\n<li>Clique em &#8220;Safari&#8221; na parte superior da janela do navegador e selecione a op\u00e7\u00e3o &#8220;Prefer\u00eancias&#8221;.<\/li>\n<li>Clique em &#8220;Privacidade&#8221;.<\/li>\n<li>Na op\u00e7\u00e3o &#8220;Bloquear cookies&#8221;, selecione uma das seguintes op\u00e7\u00f5es: &#8220;Publicidade e terceiros&#8221;, &#8220;Sempre&#8221; ou &#8220;Nunca\u201d.<\/li>\n<\/ol>\n<p><strong>Opera<\/strong><\/p>\n<ol>\n<li>Clique em &#8220;Opera&#8221; na parte superior da janela do navegador e selecione &#8220;Op\u00e7\u00f5es&#8221;.<\/li>\n<li>Em seguida, selecione a op\u00e7\u00e3o &#8220;Avan\u00e7ado&#8221; e, na lista \u00e0 esquerda, selecione &#8220;Cookies&#8221;.<\/li>\n<li>Em seguida, selecione &#8220;Aceitar cookies&#8221;.<\/li>\n<\/ol>\n<p>H\u00e1 tr\u00eas op\u00e7\u00f5es dispon\u00edveis de acordo com sua prefer\u00eancia: &#8220;Aceitar cookies&#8221;, &#8220;Aceitar cookies apenas do site visitado&#8221; e &#8220;Nunca aceitar cookies\u201d.<\/p>\n","protected":false},"excerpt":{"rendered":"<p>Em rela\u00e7\u00e3o aos cookies durante a navega\u00e7\u00e3o \u00a0Os cookies s\u00e3o pequenos arquivos de informa\u00e7\u00e3o enviados por um site e armazenados&#8230;<\/p>\n","protected":false},"author":2,"featured_media":0,"parent":0,"menu_order":0,"comment_status":"closed","ping_status":"closed","template":"","meta":{"_acf_changed":false,"footnotes":""},"class_list":["post-575","page","type-page","status-publish","hentry"],"acf":[],"yoast_head":"<!-- This site is optimized with the Yoast SEO plugin v27.4 - https:\/\/yoast.com\/product\/yoast-seo-wordpress\/ -->\n<title>Pol\u00edtica de cookies - Borges Brazil<\/title>\n<meta name=\"robots\" content=\"index, follow, max-snippet:-1, max-image-preview:large, max-video-preview:-1\" \/>\n<link rel=\"canonical\" href=\"https:\/\/borges1896.com\/br-pt\/politica-de-cookies\/\" \/>\n<meta property=\"og:locale\" content=\"pt_BR\" \/>\n<meta property=\"og:type\" content=\"article\" \/>\n<meta property=\"og:title\" content=\"Pol\u00edtica de cookies - Borges Brazil\" \/>\n<meta property=\"og:description\" content=\"Em rela\u00e7\u00e3o aos cookies durante a navega\u00e7\u00e3o \u00a0Os cookies s\u00e3o pequenos arquivos de informa\u00e7\u00e3o enviados por um site e armazenados...\" \/>\n<meta property=\"og:url\" content=\"https:\/\/borges1896.com\/br-pt\/politica-de-cookies\/\" \/>\n<meta property=\"og:site_name\" content=\"Borges Brazil\" \/>\n<meta name=\"twitter:card\" content=\"summary_large_image\" \/>\n<meta name=\"twitter:label1\" content=\"Est. tempo de leitura\" \/>\n\t<meta name=\"twitter:data1\" content=\"4 minutos\" \/>\n<script type=\"application\/ld+json\" class=\"yoast-schema-graph\">{\"@context\":\"https:\\\/\\\/schema.org\",\"@graph\":[{\"@type\":\"WebPage\",\"@id\":\"https:\\\/\\\/borges1896.com\\\/br-pt\\\/politica-de-cookies\\\/\",\"url\":\"https:\\\/\\\/borges1896.com\\\/br-pt\\\/politica-de-cookies\\\/\",\"name\":\"Pol\u00edtica de cookies - Borges Brazil\",\"isPartOf\":{\"@id\":\"https:\\\/\\\/borges1896.com\\\/br-pt\\\/#website\"},\"datePublished\":\"2022-03-04T18:35:33+00:00\",\"breadcrumb\":{\"@id\":\"https:\\\/\\\/borges1896.com\\\/br-pt\\\/politica-de-cookies\\\/#breadcrumb\"},\"inLanguage\":\"pt-BR\",\"potentialAction\":[{\"@type\":\"ReadAction\",\"target\":[\"https:\\\/\\\/borges1896.com\\\/br-pt\\\/politica-de-cookies\\\/\"]}]},{\"@type\":\"BreadcrumbList\",\"@id\":\"https:\\\/\\\/borges1896.com\\\/br-pt\\\/politica-de-cookies\\\/#breadcrumb\",\"itemListElement\":[{\"@type\":\"ListItem\",\"position\":1,\"name\":\"Home\",\"item\":\"https:\\\/\\\/borges1896.com\\\/br-pt\\\/\"},{\"@type\":\"ListItem\",\"position\":2,\"name\":\"Pol\u00edtica de cookies\"}]},{\"@type\":\"WebSite\",\"@id\":\"https:\\\/\\\/borges1896.com\\\/br-pt\\\/#website\",\"url\":\"https:\\\/\\\/borges1896.com\\\/br-pt\\\/\",\"name\":\"Borges Brazil\",\"description\":\"Just another Borges International site\",\"inLanguage\":\"pt-BR\"}]}<\/script>\n<!-- \/ Yoast SEO plugin. -->","yoast_head_json":{"title":"Pol\u00edtica de cookies - Borges Brazil","robots":{"index":"index","follow":"follow","max-snippet":"max-snippet:-1","max-image-preview":"max-image-preview:large","max-video-preview":"max-video-preview:-1"},"canonical":"https:\/\/borges1896.com\/br-pt\/politica-de-cookies\/","og_locale":"pt_BR","og_type":"article","og_title":"Pol\u00edtica de cookies - Borges Brazil","og_description":"Em rela\u00e7\u00e3o aos cookies durante a navega\u00e7\u00e3o \u00a0Os cookies s\u00e3o pequenos arquivos de informa\u00e7\u00e3o enviados por um site e armazenados...","og_url":"https:\/\/borges1896.com\/br-pt\/politica-de-cookies\/","og_site_name":"Borges Brazil","twitter_card":"summary_large_image","twitter_misc":{"Est. tempo de leitura":"4 minutos"},"schema":{"@context":"https:\/\/schema.org","@graph":[{"@type":"WebPage","@id":"https:\/\/borges1896.com\/br-pt\/politica-de-cookies\/","url":"https:\/\/borges1896.com\/br-pt\/politica-de-cookies\/","name":"Pol\u00edtica de cookies - Borges Brazil","isPartOf":{"@id":"https:\/\/borges1896.com\/br-pt\/#website"},"datePublished":"2022-03-04T18:35:33+00:00","breadcrumb":{"@id":"https:\/\/borges1896.com\/br-pt\/politica-de-cookies\/#breadcrumb"},"inLanguage":"pt-BR","potentialAction":[{"@type":"ReadAction","target":["https:\/\/borges1896.com\/br-pt\/politica-de-cookies\/"]}]},{"@type":"BreadcrumbList","@id":"https:\/\/borges1896.com\/br-pt\/politica-de-cookies\/#breadcrumb","itemListElement":[{"@type":"ListItem","position":1,"name":"Home","item":"https:\/\/borges1896.com\/br-pt\/"},{"@type":"ListItem","position":2,"name":"Pol\u00edtica de cookies"}]},{"@type":"WebSite","@id":"https:\/\/borges1896.com\/br-pt\/#website","url":"https:\/\/borges1896.com\/br-pt\/","name":"Borges Brazil","description":"Just another Borges International site","inLanguage":"pt-BR"}]}},"_links":{"self":[{"href":"https:\/\/borges1896.com\/br-pt\/wp-json\/wp\/v2\/pages\/575","targetHints":{"allow":["GET"]}}],"collection":[{"href":"https:\/\/borges1896.com\/br-pt\/wp-json\/wp\/v2\/pages"}],"about":[{"href":"https:\/\/borges1896.com\/br-pt\/wp-json\/wp\/v2\/types\/page"}],"author":[{"embeddable":true,"href":"https:\/\/borges1896.com\/br-pt\/wp-json\/wp\/v2\/users\/2"}],"replies":[{"embeddable":true,"href":"https:\/\/borges1896.com\/br-pt\/wp-json\/wp\/v2\/comments?post=575"}],"version-history":[{"count":1,"href":"https:\/\/borges1896.com\/br-pt\/wp-json\/wp\/v2\/pages\/575\/revisions"}],"predecessor-version":[{"id":576,"href":"https:\/\/borges1896.com\/br-pt\/wp-json\/wp\/v2\/pages\/575\/revisions\/576"}],"wp:attachment":[{"href":"https:\/\/borges1896.com\/br-pt\/wp-json\/wp\/v2\/media?parent=575"}],"curies":[{"name":"wp","href":"https:\/\/api.w.org\/{rel}","templated":true}]}}