{"id":152,"date":"2021-11-03T21:42:14","date_gmt":"2021-11-03T21:42:14","guid":{"rendered":"https:\/\/borges1896.com\/cz-sk\/?page_id=152"},"modified":"2024-04-11T12:51:27","modified_gmt":"2024-04-11T12:51:27","slug":"zrieknutie-sa-zodpovednosti","status":"publish","type":"page","link":"https:\/\/borges1896.com\/cz-sk\/sk\/zrieknutie-sa-zodpovednosti\/","title":{"rendered":"ZRIEKNUTIE SA ZODPOVEDNOSTI"},"content":{"rendered":"<p><strong><u>ZRIEKNUTIE SA ZODPOVEDNOSTI<\/u><\/strong><\/p>\n<p>V\u0161etky pr\u00e1va na priemyseln\u00e9 a du\u0161evn\u00e9 vlastn\u00edctvo webovej str\u00e1nky <a href=\"http:\/\/www.borges.es\/\">www.borges.es<\/a> (<a href=\"http:\/\/www.borges1896.com\/\">www.borges1896.com<\/a>) a jej obsah (texty, obr\u00e1zky, zvukov\u00e9 z\u00e1znamy, audio, video, n\u00e1vrhy, v\u00fdtvory, softv\u00e9r at\u010f.) s\u00fa vlastn\u00edctvom spolo\u010dnosti BORGES S.A. alebo tret\u00edch str\u00e1n. Pou\u017e\u00edvate\u013e si m\u00f4\u017ee kedyko\u013evek pre svoje v\u00fdhradn\u00e9 osobn\u00e9 pou\u017eitie zobrazi\u0165 v\u0161etok obsah, vytla\u010di\u0165 ho, skop\u00edrova\u0165 a ulo\u017ei\u0165 na svoj pevn\u00fd disk alebo na ak\u00e9ko\u013evek in\u00e9 fyzick\u00e9 m\u00e9dium. Ak\u00e9ko\u013evek pou\u017eitie inform\u00e1ci\u00ed z\u00a0webovej str\u00e1nky, vr\u00e1tane propag\u00e1cie, distrib\u00facie, ako aj ich modifik\u00e1ci\u00ed, \u00faprav a dekompil\u00e1ci\u00ed v akejko\u013evek forme je zak\u00e1zan\u00e9.<\/p>\n<p>Pou\u017e\u00edvate\u013e sa zav\u00e4zuje, \u017ee obsah a slu\u017eby zverejnen\u00e9 spolo\u010dnos\u0165ou Borges na webov\u00fdch str\u00e1nkach bude vyu\u017e\u00edva\u0165 n\u00e1le\u017eite a nebude ich pou\u017e\u00edva\u0165 na p\u00e1chanie nez\u00e1konn\u00fdch \u010dinov, ktor\u00e9 s\u00fa v rozpore s dobrou v\u00f4\u013eou alebo z\u00e1konnom; nebude sp\u00f4sobova\u0165 syst\u00e9mov\u00e9 \u0161kody spolo\u010dnosti Borges, jej dod\u00e1vate\u013eom alebo tret\u00edm stran\u00e1m; a nebude zav\u00e1dza\u0165 alebo \u0161\u00edri\u0165 v\u00edrusy v po\u010d\u00edta\u010dovej sieti ani v in\u00fdch syst\u00e9moch, ktor\u00e9 by mohli sp\u00f4sobi\u0165 \u0161kody.<\/p>\n<p>Borges si vyhradzuje pr\u00e1vo vykon\u00e1va\u0165 \u00fapravy na svojej webovej str\u00e1nke bez predch\u00e1dzaj\u00faceho upozornenia, pri\u010dom m\u00f4\u017ee meni\u0165, odstra\u0148ova\u0165 alebo prid\u00e1va\u0165 obsah a slu\u017eby, ktor\u00e9 poskytuje, ako aj sp\u00f4sob, ktor\u00fdm sa bud\u00fa zobrazova\u0165 alebo umiest\u0148ova\u0165.<\/p>\n<p>Spolo\u010dnos\u0165 Borges bude s\u00fadne st\u00edha\u0165 v\u0161etky poru\u0161enia vy\u0161\u0161ie uveden\u00fdch podmienok, ako aj ak\u00e9ko\u013evek in\u00e9 nespr\u00e1vne pou\u017e\u00edvanie obsahu zverejnen\u00e9ho na jej webovej str\u00e1nke.<\/p>\n<p>Spolo\u010dnos\u0165 Borges povo\u013euje citovanie jej obsahu na in\u00fdch webov\u00fdch str\u00e1nkach, ak existuj\u00fa hypertextov\u00e9 odkazy na niektor\u00fa z jeho webov\u00fdch str\u00e1nok.<\/p>\n<p>Pokia\u013e ide o slu\u017eby, ktor\u00e9 s\u00fa po\u017e\u00edvate\u013eom s\u00fa k dispoz\u00edcii prostredn\u00edctvom registr\u00e1cie a prihl\u00e1senia, v\u0161etky inform\u00e1cie sa pod\u013ea platn\u00fdch pr\u00e1vnych predpisov uchov\u00e1vaj\u00fa v najpr\u00edsnej\u0161ej d\u00f4vernosti. Spolo\u010dnos\u0165 Borges dodr\u017eiava tento z\u00e1kon o ochrane osobn\u00fdch \u00fadajov svojich odberate\u013eov a zachov\u00e1va ich v najpr\u00edsnej\u0161ej d\u00f4vernosti v s\u00falade so \u0160panielskym organick\u00fdm z\u00e1konom 15\/99 z 13. decembra 1999 o ochrane osobn\u00fdch \u00fadajov (\u010falej len \u201eLOPD\u201c).<\/p>\n<p>Pou\u017e\u00edvatelia zaregistrovan\u00ed na webov\u00fdch str\u00e1nkach Borges s\u00fa opr\u00e1vnen\u00ed uplatni\u0165 svoje pr\u00e1vo na pr\u00edstup k \u00fadajom, opravu a zru\u0161enie ako aj odvola\u0165 svoj s\u00fahlas s priraden\u00edm svojich \u00fadajov za podmienok stanoven\u00fdch v LOPD a \u010fal\u0161\u00edch pravidl\u00e1ch, ktor\u00fdmi sa t\u00fdkaj\u00fa ochrany osobn\u00fdch \u00fadajov.<\/p>\n<p><strong>Politika ochrany osobn\u00fdch \u00fadajov a z\u00e1znam \u010dinnost\u00ed<\/strong><\/p>\n<p>V s\u00falade s Eur\u00f3pskym nariaden\u00edm o ochrane osobn\u00fdch \u00fadajov 679\/2016 v\u00e1s informujeme, \u017ee \u00fadaje sa stan\u00fa s\u00fa\u010das\u0165ou s\u00faboru, za ktor\u00fd zodpoved\u00e1 spolo\u010dnos\u0165, ktor\u00e1 vlastn\u00ed web, aby mohla spravova\u0165 va\u0161e n\u00e1v\u0161tevy a\/alebo z\u00e1znam \u010dinnosti. Va\u0161e \u00fadaje sa bud\u00fa uchov\u00e1va\u0165 po\u010das spravovania z\u00e1znamov \u010dinnosti a m\u00f4\u017eu sa pos\u00fava\u0165 medzi spolo\u010dnos\u0165ami skupiny Borges International Group v pr\u00edpade prevodu akt\u00edv (Pozri zoznam na\u00a0<a href=\"http:\/\/www.borgesinternationalgroup.es\/\">www.borgesinternationalgroup.es<\/a>). Spolo\u010dnos\u0165 UNIVER IURIS S.L. (www.uneon.es) je poveren\u00e1 ochranou osobn\u00fdch \u00fadajov. Pou\u017e\u00edvate\u013e m\u00e1 pr\u00e1vo na pr\u00edstup, obmedzenie, prenosnos\u0165, n\u00e1mietky na \u0160panielsky \u00farad pre ochranu \u00fadajov, vymazanie alebo zabudnutie, opravu, zru\u0161enie. V\u00fdhrady vo\u010di spracovaniu \u00fadajov m\u00f4\u017eete poda\u0165 prostredn\u00edctvom e-mailu lopd@borges.es alebo na adresu Calle Flix n\u00ba29 43205 Reus (Tarragona). Odpovieme na ka\u017ed\u00fa \u017eiados\u0165.<\/p>\n<p>V s\u00falade s eur\u00f3pskym nariaden\u00edm poskytujeme inform\u00e1cie o registri aktiv\u00edt<\/p>\n<p><strong>Tabu\u013eka z\u00e1znamov aktiv\u00edt<\/strong><\/p>\n<p>Zodpovedn\u00fd za spis a spracovanie<\/p>\n<p>Borges International Group, S.L.<br \/>\nS\u00eddlo: Calle Flix 29, 43205 Reus<br \/>\nDI\u010c: B43214139<br \/>\ne-mail: <a href=\"mailto:lopd@borges-big.com\">lopd@borges-big.com<\/a><br \/>\nTelefonick\u00fd kontakt: +34 977 30 90 00<\/p>\n<p>Poveren\u00fd za spracovanie<\/p>\n<p>UNIVER IURIS S.L.<br \/>\nMoll de la Marina n\u00ba6 Puerto Ol\u00edmpico Barcelona<\/p>\n<p>DI\u010c: B63044010<br \/>\n<a href=\"mailto:consultes@uneon.es\">consultes@uneon.es<\/a><\/p>\n<p>\u010cinnos\u0165 a \u00fa\u010del spracov\u00e1vania<\/p>\n<p>Spracov\u00e1vaj\u00fa sa \u00fadaje: zo \u017eivotopisov za \u00fa\u010delom obsadenia pracovn\u00fdch miest, pracovn\u00edkov na riadenie pr\u00e1ce, spotrebite\u013eov pre riadenie klubu a propaga\u010dn\u00fdch akci\u00ed, videoz\u00e1znamov monitoruj\u00face bezpe\u010dnos\u0165, z\u00e1kazn\u00edkov a dod\u00e1vate\u013eov pre da\u0148ov\u00e9 spr\u00e1vy a kontakty.<\/p>\n<p>Kateg\u00f3ria \u017divotopisy: Identifika\u010dn\u00e9 \u00fadajePracovn\u00edci: Identifika\u010dn\u00e9 \u00fadaje, bankov\u00fd \u00fa\u010det, vlastn\u00e1 z\u00e1konn\u00e1 po\u017eiadavka soci\u00e1lneho zabezpe\u010denia at\u010f.<br \/>\nKlienti, kontakty a dod\u00e1vatelia: Identifika\u010dn\u00e9 \u00fadaje<br \/>\nVideoz\u00e1znamy: obrazov\u00e9 sn\u00edmky<br \/>\nObdobie uchov\u00e1vania Po\u010das obdobia pracovnej, da\u0148ovej a ob\u010dianskej zodpovednosti<br \/>\nBezpe\u010dnostn\u00e9 opatrenia Z bezpe\u010dnostn\u00fdch d\u00f4vodov bud\u00fa zodpovedan\u00e9 iba opodstatnen\u00e9 po\u017eiadavky po kontakte s pr\u00edslu\u0161n\u00fdm \u00faradom pre ochranu osobn\u00fdch \u00fadajov.<\/p>\n","protected":false},"excerpt":{"rendered":"<p>ZRIEKNUTIE SA ZODPOVEDNOSTI V\u0161etky pr\u00e1va na priemyseln\u00e9 a du\u0161evn\u00e9 vlastn\u00edctvo webovej str\u00e1nky www.borges.es (www.borges1896.com) a jej obsah (texty, obr\u00e1zky, zvukov\u00e9&#8230;<\/p>\n","protected":false},"author":2,"featured_media":0,"parent":0,"menu_order":0,"comment_status":"closed","ping_status":"closed","template":"","meta":{"_acf_changed":false,"footnotes":""},"class_list":["post-152","page","type-page","status-publish","hentry"],"acf":[],"yoast_head":"<!-- This site is optimized with the Yoast SEO plugin v27.4 - https:\/\/yoast.com\/product\/yoast-seo-wordpress\/ -->\n<title>ZRIEKNUTIE SA ZODPOVEDNOSTI - Borges \u010cesko a Slovensko<\/title>\n<meta name=\"robots\" content=\"index, follow, max-snippet:-1, max-image-preview:large, max-video-preview:-1\" \/>\n<link rel=\"canonical\" href=\"https:\/\/borges1896.com\/cz-sk\/sk\/zrieknutie-sa-zodpovednosti\/\" \/>\n<meta property=\"og:locale\" content=\"sk_SK\" \/>\n<meta property=\"og:type\" content=\"article\" \/>\n<meta property=\"og:title\" content=\"ZRIEKNUTIE SA ZODPOVEDNOSTI - Borges \u010cesko a Slovensko\" \/>\n<meta property=\"og:description\" content=\"ZRIEKNUTIE SA ZODPOVEDNOSTI V\u0161etky pr\u00e1va na priemyseln\u00e9 a du\u0161evn\u00e9 vlastn\u00edctvo webovej str\u00e1nky www.borges.es (www.borges1896.com) a jej obsah (texty, obr\u00e1zky, zvukov\u00e9...\" \/>\n<meta property=\"og:url\" content=\"https:\/\/borges1896.com\/cz-sk\/sk\/zrieknutie-sa-zodpovednosti\/\" \/>\n<meta property=\"og:site_name\" content=\"Borges \u010cesko a Slovensko\" \/>\n<meta property=\"article:publisher\" content=\"https:\/\/www.facebook.com\/BorgesCeskoSlovensko\" \/>\n<meta property=\"article:modified_time\" content=\"2024-04-11T12:51:27+00:00\" \/>\n<meta name=\"twitter:card\" content=\"summary_large_image\" \/>\n<meta name=\"twitter:label1\" content=\"Predpokladan\u00fd \u010das \u010d\u00edtania\" \/>\n\t<meta name=\"twitter:data1\" content=\"3 min\u00faty\" \/>\n<script type=\"application\/ld+json\" class=\"yoast-schema-graph\">{\"@context\":\"https:\\\/\\\/schema.org\",\"@graph\":[{\"@type\":\"WebPage\",\"@id\":\"https:\\\/\\\/borges1896.com\\\/cz-sk\\\/sk\\\/zrieknutie-sa-zodpovednosti\\\/\",\"url\":\"https:\\\/\\\/borges1896.com\\\/cz-sk\\\/sk\\\/zrieknutie-sa-zodpovednosti\\\/\",\"name\":\"ZRIEKNUTIE SA ZODPOVEDNOSTI - Borges \u010cesko a Slovensko\",\"isPartOf\":{\"@id\":\"https:\\\/\\\/borges1896.com\\\/cz-sk\\\/sk\\\/#website\"},\"datePublished\":\"2021-11-03T21:42:14+00:00\",\"dateModified\":\"2024-04-11T12:51:27+00:00\",\"breadcrumb\":{\"@id\":\"https:\\\/\\\/borges1896.com\\\/cz-sk\\\/sk\\\/zrieknutie-sa-zodpovednosti\\\/#breadcrumb\"},\"inLanguage\":\"sk-SK\",\"potentialAction\":[{\"@type\":\"ReadAction\",\"target\":[\"https:\\\/\\\/borges1896.com\\\/cz-sk\\\/sk\\\/zrieknutie-sa-zodpovednosti\\\/\"]}]},{\"@type\":\"BreadcrumbList\",\"@id\":\"https:\\\/\\\/borges1896.com\\\/cz-sk\\\/sk\\\/zrieknutie-sa-zodpovednosti\\\/#breadcrumb\",\"itemListElement\":[{\"@type\":\"ListItem\",\"position\":1,\"name\":\"Home\",\"item\":\"https:\\\/\\\/borges1896.com\\\/cz-sk\\\/sk\\\/\"},{\"@type\":\"ListItem\",\"position\":2,\"name\":\"ZRIEKNUTIE SA ZODPOVEDNOSTI\"}]},{\"@type\":\"WebSite\",\"@id\":\"https:\\\/\\\/borges1896.com\\\/cz-sk\\\/sk\\\/#website\",\"url\":\"https:\\\/\\\/borges1896.com\\\/cz-sk\\\/sk\\\/\",\"name\":\"Borges \u010cesko a Slovensko\",\"description\":\"Borges olivov\u00fd olej\",\"inLanguage\":\"sk-SK\"}]}<\/script>\n<!-- \/ Yoast SEO plugin. -->","yoast_head_json":{"title":"ZRIEKNUTIE SA ZODPOVEDNOSTI - Borges \u010cesko a Slovensko","robots":{"index":"index","follow":"follow","max-snippet":"max-snippet:-1","max-image-preview":"max-image-preview:large","max-video-preview":"max-video-preview:-1"},"canonical":"https:\/\/borges1896.com\/cz-sk\/sk\/zrieknutie-sa-zodpovednosti\/","og_locale":"sk_SK","og_type":"article","og_title":"ZRIEKNUTIE SA ZODPOVEDNOSTI - Borges \u010cesko a Slovensko","og_description":"ZRIEKNUTIE SA ZODPOVEDNOSTI V\u0161etky pr\u00e1va na priemyseln\u00e9 a du\u0161evn\u00e9 vlastn\u00edctvo webovej str\u00e1nky www.borges.es (www.borges1896.com) a jej obsah (texty, obr\u00e1zky, zvukov\u00e9...","og_url":"https:\/\/borges1896.com\/cz-sk\/sk\/zrieknutie-sa-zodpovednosti\/","og_site_name":"Borges \u010cesko a Slovensko","article_publisher":"https:\/\/www.facebook.com\/BorgesCeskoSlovensko","article_modified_time":"2024-04-11T12:51:27+00:00","twitter_card":"summary_large_image","twitter_misc":{"Predpokladan\u00fd \u010das \u010d\u00edtania":"3 min\u00faty"},"schema":{"@context":"https:\/\/schema.org","@graph":[{"@type":"WebPage","@id":"https:\/\/borges1896.com\/cz-sk\/sk\/zrieknutie-sa-zodpovednosti\/","url":"https:\/\/borges1896.com\/cz-sk\/sk\/zrieknutie-sa-zodpovednosti\/","name":"ZRIEKNUTIE SA ZODPOVEDNOSTI - Borges \u010cesko a Slovensko","isPartOf":{"@id":"https:\/\/borges1896.com\/cz-sk\/sk\/#website"},"datePublished":"2021-11-03T21:42:14+00:00","dateModified":"2024-04-11T12:51:27+00:00","breadcrumb":{"@id":"https:\/\/borges1896.com\/cz-sk\/sk\/zrieknutie-sa-zodpovednosti\/#breadcrumb"},"inLanguage":"sk-SK","potentialAction":[{"@type":"ReadAction","target":["https:\/\/borges1896.com\/cz-sk\/sk\/zrieknutie-sa-zodpovednosti\/"]}]},{"@type":"BreadcrumbList","@id":"https:\/\/borges1896.com\/cz-sk\/sk\/zrieknutie-sa-zodpovednosti\/#breadcrumb","itemListElement":[{"@type":"ListItem","position":1,"name":"Home","item":"https:\/\/borges1896.com\/cz-sk\/sk\/"},{"@type":"ListItem","position":2,"name":"ZRIEKNUTIE SA ZODPOVEDNOSTI"}]},{"@type":"WebSite","@id":"https:\/\/borges1896.com\/cz-sk\/sk\/#website","url":"https:\/\/borges1896.com\/cz-sk\/sk\/","name":"Borges \u010cesko a Slovensko","description":"Borges olivov\u00fd olej","inLanguage":"sk-SK"}]}},"_links":{"self":[{"href":"https:\/\/borges1896.com\/cz-sk\/sk\/wp-json\/wp\/v2\/pages\/152","targetHints":{"allow":["GET"]}}],"collection":[{"href":"https:\/\/borges1896.com\/cz-sk\/sk\/wp-json\/wp\/v2\/pages"}],"about":[{"href":"https:\/\/borges1896.com\/cz-sk\/sk\/wp-json\/wp\/v2\/types\/page"}],"author":[{"embeddable":true,"href":"https:\/\/borges1896.com\/cz-sk\/sk\/wp-json\/wp\/v2\/users\/2"}],"replies":[{"embeddable":true,"href":"https:\/\/borges1896.com\/cz-sk\/sk\/wp-json\/wp\/v2\/comments?post=152"}],"version-history":[{"count":3,"href":"https:\/\/borges1896.com\/cz-sk\/sk\/wp-json\/wp\/v2\/pages\/152\/revisions"}],"predecessor-version":[{"id":168,"href":"https:\/\/borges1896.com\/cz-sk\/sk\/wp-json\/wp\/v2\/pages\/152\/revisions\/168"}],"wp:attachment":[{"href":"https:\/\/borges1896.com\/cz-sk\/sk\/wp-json\/wp\/v2\/media?parent=152"}],"curies":[{"name":"wp","href":"https:\/\/api.w.org\/{rel}","templated":true}]}}