{"id":154,"date":"2021-11-03T21:48:04","date_gmt":"2021-11-03T21:48:04","guid":{"rendered":"https:\/\/borges1896.com\/cz-sk\/?page_id=154"},"modified":"2021-11-03T21:48:04","modified_gmt":"2021-11-03T21:48:04","slug":"politika-pouzivania-suborov-cookie","status":"publish","type":"page","link":"https:\/\/borges1896.com\/cz-sk\/sk\/politika-pouzivania-suborov-cookie\/","title":{"rendered":"Politika pou\u017e\u00edvania s\u00faborov cookie"},"content":{"rendered":"<p>S\u00fabory cookie s\u00fa mal\u00e9 textov\u00e9 s\u00fabory ur\u010ditej webovej str\u00e1nky, ktor\u00e9 sa ukladaj\u00fa do prehliada\u010da pou\u017e\u00edvate\u013ea, v\u010faka \u010domu m\u00f4\u017ee webov\u00e1 str\u00e1nka dokumentova\u0165 predo\u0161l\u00fa \u010dinnos\u0165 pou\u017e\u00edvate\u013ea.<\/p>\n<p><strong>Spravovanie s\u00faborov cookie<\/strong><\/p>\n<p><strong>M\u00f4\u017eete povoli\u0165, zablokova\u0165 alebo odstr\u00e1ni\u0165 s\u00fabory cookie nain\u0161talovan\u00e9 v po\u010d\u00edta\u010di konfigur\u00e1ciou mo\u017enost\u00ed prehliada\u010da nain\u0161talovan\u00fdch v\u00a0po\u010d\u00edta\u010di.<\/strong><\/p>\n<p>Ak si nie ste ist\u00ed, ak\u00fd typ a verziu prehliada\u010da pou\u017e\u00edvate na pr\u00edstup na internet:<\/p>\n<p>Pre Windows: kliknite v hornej \u010dasti prehliada\u010da na \u201ePomocn\u00edk\u201c a\u00a0zvo\u013ete mo\u017enos\u0165 \u201eInform\u00e1cie o\u201c.<\/p>\n<p><strong>Ako spravova\u0165 s\u00fabory cookie vo Windows:<\/strong><\/p>\n<p><strong>Google Chrome<\/strong><\/p>\n<ul>\n<li style=\"list-style-type: none;\">\n<ol>\n<li>Kliknite na ponuku Google Chrome v\u00a0hornej \u010dasti prehliada\u010da.<\/li>\n<li>Prejdite na \u201eNastavenia\u201c.<\/li>\n<li>Ni\u017e\u0161ie kliknite na \u201eRoz\u0161\u00edren\u00e9\u201c.<\/li>\n<li>V\u00a0\u010dasti \u201eOchrana s\u00fakromia a zabezpe\u010denie\u201c kliknite na \u201eNastavenia obsahu\u201c.<\/li>\n<li>V\u00a0\u010dasti \u201eS\u00fabory cookie\u201c m\u00f4\u017eete zvoli\u0165 nasleduj\u00face: Povoli\u0165 str\u00e1nkam uklada\u0165 a\u00a0\u010d\u00edta\u0165 \u00fadaje s\u00faborov cookie, Uchov\u00e1va\u0165 miestne \u00fadaje iba do zavretia prehliada\u010da, Blokova\u0165 s\u00fabory cookie tret\u00edch str\u00e1n.<\/li>\n<li>Viac inform\u00e1ci\u00ed n\u00e1jdete v pomocn\u00edkovi Google Chrome.<\/li>\n<\/ol>\n<\/li>\n<\/ul>\n<p><strong>Microsoft Internet Explorer 7.0 a\u00a08.0<\/strong><\/p>\n<ul>\n<li style=\"list-style-type: none;\">\n<ol>\n<li>Kliknite na \u201eNastavenia\u201c a\u00a0potom na \u201eMo\u017enosti siete Internet\u201c.<\/li>\n<li>Kliknite na \u201eOchrana s\u00fakromia\u201c potom presu\u0148te kurzor medzi horn\u00fdm a spodn\u00fdm koncom tak, aby neblokovali alebo nepovolili s\u00fabory cookie.<\/li>\n<li>Kliknite na \u201eInternetov\u00e9 str\u00e1nky\u201c.<\/li>\n<li>Do pol\u00ed\u010dka \u201eWebov\u00e1 adresa\u201c zadajte adresu webovej str\u00e1nky a kliknite na tla\u010didlo \u201cBlokova\u0165\u201d alebo \u201cPovoli\u0165\u201d.<\/li>\n<li>Pri p\u00edsan\u00ed sa zobraz\u00ed zoznam webov\u00fdch str\u00e1nok, ktor\u00e9 ste nav\u0161t\u00edvili. Ak kliknete na polo\u017eku v zozname, zobraz\u00ed sa v poli \u201eWebov\u00e1 adresa\u201c.<\/li>\n<li>Po dokon\u010den\u00ed kliknite na tla\u010didlo \u201cOK\u201d.<\/li>\n<li>Vr\u00e1\u0165te kurzor do p\u00f4vodnej polohy a kliknite na tla\u010didlo \u201cOK\u201d.<\/li>\n<li>Viac inform\u00e1ci\u00ed z\u00edskate v pomocn\u00edkovi Windows.<\/li>\n<\/ol>\n<\/li>\n<\/ul>\n<p><strong>Mozilla Firefox<\/strong><\/p>\n<ul>\n<li style=\"list-style-type: none;\">\n<ol>\n<li>V hornej \u010dasti okna Firefox kliknite na tla\u010didlo Firefox a\u00a0kliknite na \u201cMo\u017enosti\u201d.<\/li>\n<li>Vyberte mo\u017enos\u0165 \u201cOchrana s\u00fakromia\u201d.<\/li>\n<li>V \u010dasti \u201cFirefox m\u00f4\u017ee:\u201d vyberte \u201cPou\u017ei\u0165 vlastn\u00e9 nastavenia pre hist\u00f3riu\u201d.<\/li>\n<li>Za\u010diarknite vo\u013ebu \u201cPrija\u0165 s\u00fabory cookie\u201d ak ich chcete aktivova\u0165 a\u00a0od\u010diarknite na ich deaktiv\u00e1ciu.<\/li>\n<li>Ak nechcete prij\u00edma\u0165 s\u00fabory cookie tretej strany, zru\u0161te za\u010diarknutie pol\u00ed\u010dka \u201cAkceptova\u0165 s\u00fabory cookie tret\u00edch str\u00e1n\u201d.<\/li>\n<li>Viac inform\u00e1ci\u00ed n\u00e1jdete v pomocn\u00edkovi Mozilla Firefox.<\/li>\n<\/ol>\n<\/li>\n<\/ul>\n<p><strong>Safari<\/strong><\/p>\n<ul>\n<li style=\"list-style-type: none;\">\n<ol>\n<li>Kliknite na ikonku \u201cSafari\u201d v hornej \u010dasti okna prehliada\u010da a vyberte mo\u017enos\u0165 \u201cPredvo\u013eby\u201d.<\/li>\n<li>Kliknite na \u201cOchrana s\u00fakromia\u201d.<\/li>\n<li>V \u010dasti \u201cBlokova\u0165 s\u00fabory cookie\u201d si m\u00f4\u017eete vybra\u0165 jednu z nasleduj\u00facich mo\u017enost\u00ed: \u201cReklama a tretie strany\u201d, \u201cV\u017edy\u201d alebo \u201cNikdy\u201d.<\/li>\n<\/ol>\n<\/li>\n<\/ul>\n<p><strong>Opera<\/strong><\/p>\n<ul>\n<li style=\"list-style-type: none;\">\n<ol>\n<li>Kliknite na \u201cNastavenia\u201d v hornej \u010dasti prehliada\u010da a zvo\u013ete \u201cMo\u017enosti\u201d.<\/li>\n<li>Potom vyberte z\u00e1lo\u017eku \u201cRoz\u0161\u00edren\u00e9\u201d a v zozname v\u013eavo vyberte \u201cS\u00fabory cookie\u201d.<\/li>\n<li>Potom vyberte mo\u017enos\u0165 \u201cPrija\u0165 s\u00fabory cookie\u201d.<\/li>\n<li>M\u00f4\u017eete zvoli\u0165 jednu z\u00a0troch mo\u017enost\u00ed: \u201cPrija\u0165 s\u00fabory cookie\u201d, \u201cPrija\u0165 s\u00fabory cookie iba z nav\u0161t\u00edven\u00fdch str\u00e1nok\u201d a \u201cNikdy neprij\u00edma\u0165 s\u00fabory cookie\u201d.<\/li>\n<\/ol>\n<\/li>\n<\/ul>\n<p><strong>Ako spravova\u0165 s\u00fabory cookie s\u00a0Mac OS<\/strong><\/p>\n<p><strong>Google Chrome<\/strong><\/p>\n<ul>\n<li style=\"list-style-type: none;\">\n<ol>\n<li>Kliknite na ponuku Google Chrome umiestnen\u00fa na paneli s n\u00e1strojmi prehliada\u010da.<\/li>\n<li>Zvo\u013ete \u201cNastavenia\u201d.<\/li>\n<li>Kliknite na \u201cRoz\u0161\u00edren\u00e9\u201d.<\/li>\n<li>V \u010dasti \u201cOchrana s\u00fakromia a zabezpe\u010denie\u201d kliknite na tla\u010didlo \u201cNastavenia obsahu\u201d.<\/li>\n<li>V \u010dasti \u201cS\u00fabory cookie\u201d m\u00f4\u017eete zvoli\u0165 nasleduj\u00face: Odstr\u00e1ni\u0165 s\u00fabory cookie, Blokova\u0165 alebo povoli\u0165 s\u00fabory cookie v predvolenom nastaven\u00ed, Zahrn\u00fa\u0165 v\u00fdnimky s\u00faborov cookie pre konkr\u00e9tne dom\u00e9ny alebo webov\u00e9 str\u00e1nky.<\/li>\n<\/ol>\n<\/li>\n<\/ul>\n<p><strong>Microsoft Internet Explorer<\/strong><\/p>\n<ul>\n<li style=\"list-style-type: none;\">\n<ol>\n<li>Kliknite na \u201cExplorer\u201d v hornej \u010dasti okna prehliada\u010da a vyberte \u201cPredvo\u013eby\u201d.<\/li>\n<li>Prejdite nadol, k\u00fdm sa v zozname prijat\u00fdch s\u00faborov nezobrazia \u201cS\u00fabory cookie\u201d.<\/li>\n<li>Zvo\u013ete mo\u017enos\u0165 \u201cnep\u00fdta\u0165 sa znova\u201d.<\/li>\n<li>Kliknite na tla\u010didlo \u201cOK\u201d.<\/li>\n<\/ol>\n<\/li>\n<\/ul>\n<p><strong>Mozilla Firefox<\/strong><\/p>\n<ul>\n<li style=\"list-style-type: none;\">\n<ol>\n<li>Na paneli s ponukami kliknite na Firefox a zvo\u013ete \u201cPredvo\u013eby\u201d.<\/li>\n<li>Vyberte mo\u017enos\u0165 \u201eOchrany s\u00fakromia\u201c.<\/li>\n<li>V \u010dasti \u201cFirefox m\u00f4\u017ee:\u201d vyberte \u201cPou\u017ei\u0165 vlastn\u00e9 nastavenia pre hist\u00f3riu\u201d.<\/li>\n<li>Za\u010diarknite vo\u013ebu \u201cPrija\u0165 s\u00fabory cookie\u201d ak ich chcete aktivova\u0165 a\u00a0od\u010diarknite na ich deaktiv\u00e1ciu.<\/li>\n<li>Ak nechcete prij\u00edma\u0165 s\u00fabory cookie tretej strany, zru\u0161te za\u010diarknutie pol\u00ed\u010dka \u201cAkceptova\u0165 s\u00fabory cookie tret\u00edch str\u00e1n \u201c.<\/li>\n<\/ol>\n<\/li>\n<\/ul>\n","protected":false},"excerpt":{"rendered":"<p>S\u00fabory cookie s\u00fa mal\u00e9 textov\u00e9 s\u00fabory ur\u010ditej webovej str\u00e1nky, ktor\u00e9 sa ukladaj\u00fa do prehliada\u010da pou\u017e\u00edvate\u013ea, v\u010faka \u010domu m\u00f4\u017ee webov\u00e1 str\u00e1nka&#8230;<\/p>\n","protected":false},"author":2,"featured_media":0,"parent":0,"menu_order":0,"comment_status":"closed","ping_status":"closed","template":"","meta":{"_acf_changed":false,"footnotes":""},"class_list":["post-154","page","type-page","status-publish","hentry"],"acf":[],"yoast_head":"<!-- This site is optimized with the Yoast SEO plugin v27.4 - https:\/\/yoast.com\/product\/yoast-seo-wordpress\/ -->\n<title>Politika pou\u017e\u00edvania s\u00faborov cookie - Borges \u010cesko a Slovensko<\/title>\n<meta name=\"robots\" content=\"index, follow, max-snippet:-1, max-image-preview:large, max-video-preview:-1\" \/>\n<link rel=\"canonical\" href=\"https:\/\/borges1896.com\/cz-sk\/sk\/politika-pouzivania-suborov-cookie\/\" \/>\n<meta property=\"og:locale\" content=\"sk_SK\" \/>\n<meta property=\"og:type\" content=\"article\" \/>\n<meta property=\"og:title\" content=\"Politika pou\u017e\u00edvania s\u00faborov cookie - Borges \u010cesko a Slovensko\" \/>\n<meta property=\"og:description\" content=\"S\u00fabory cookie s\u00fa mal\u00e9 textov\u00e9 s\u00fabory ur\u010ditej webovej str\u00e1nky, ktor\u00e9 sa ukladaj\u00fa do prehliada\u010da pou\u017e\u00edvate\u013ea, v\u010faka \u010domu m\u00f4\u017ee webov\u00e1 str\u00e1nka...\" \/>\n<meta property=\"og:url\" content=\"https:\/\/borges1896.com\/cz-sk\/sk\/politika-pouzivania-suborov-cookie\/\" \/>\n<meta property=\"og:site_name\" content=\"Borges \u010cesko a Slovensko\" \/>\n<meta property=\"article:publisher\" content=\"https:\/\/www.facebook.com\/BorgesCeskoSlovensko\" \/>\n<meta name=\"twitter:card\" content=\"summary_large_image\" \/>\n<meta name=\"twitter:label1\" content=\"Predpokladan\u00fd \u010das \u010d\u00edtania\" \/>\n\t<meta name=\"twitter:data1\" content=\"3 min\u00faty\" \/>\n<script type=\"application\/ld+json\" class=\"yoast-schema-graph\">{\"@context\":\"https:\\\/\\\/schema.org\",\"@graph\":[{\"@type\":\"WebPage\",\"@id\":\"https:\\\/\\\/borges1896.com\\\/cz-sk\\\/sk\\\/politika-pouzivania-suborov-cookie\\\/\",\"url\":\"https:\\\/\\\/borges1896.com\\\/cz-sk\\\/sk\\\/politika-pouzivania-suborov-cookie\\\/\",\"name\":\"Politika pou\u017e\u00edvania s\u00faborov cookie - Borges \u010cesko a Slovensko\",\"isPartOf\":{\"@id\":\"https:\\\/\\\/borges1896.com\\\/cz-sk\\\/sk\\\/#website\"},\"datePublished\":\"2021-11-03T21:48:04+00:00\",\"breadcrumb\":{\"@id\":\"https:\\\/\\\/borges1896.com\\\/cz-sk\\\/sk\\\/politika-pouzivania-suborov-cookie\\\/#breadcrumb\"},\"inLanguage\":\"sk-SK\",\"potentialAction\":[{\"@type\":\"ReadAction\",\"target\":[\"https:\\\/\\\/borges1896.com\\\/cz-sk\\\/sk\\\/politika-pouzivania-suborov-cookie\\\/\"]}]},{\"@type\":\"BreadcrumbList\",\"@id\":\"https:\\\/\\\/borges1896.com\\\/cz-sk\\\/sk\\\/politika-pouzivania-suborov-cookie\\\/#breadcrumb\",\"itemListElement\":[{\"@type\":\"ListItem\",\"position\":1,\"name\":\"Home\",\"item\":\"https:\\\/\\\/borges1896.com\\\/cz-sk\\\/sk\\\/\"},{\"@type\":\"ListItem\",\"position\":2,\"name\":\"Politika pou\u017e\u00edvania s\u00faborov cookie\"}]},{\"@type\":\"WebSite\",\"@id\":\"https:\\\/\\\/borges1896.com\\\/cz-sk\\\/sk\\\/#website\",\"url\":\"https:\\\/\\\/borges1896.com\\\/cz-sk\\\/sk\\\/\",\"name\":\"Borges \u010cesko a Slovensko\",\"description\":\"Borges olivov\u00fd olej\",\"inLanguage\":\"sk-SK\"}]}<\/script>\n<!-- \/ Yoast SEO plugin. -->","yoast_head_json":{"title":"Politika pou\u017e\u00edvania s\u00faborov cookie - Borges \u010cesko a Slovensko","robots":{"index":"index","follow":"follow","max-snippet":"max-snippet:-1","max-image-preview":"max-image-preview:large","max-video-preview":"max-video-preview:-1"},"canonical":"https:\/\/borges1896.com\/cz-sk\/sk\/politika-pouzivania-suborov-cookie\/","og_locale":"sk_SK","og_type":"article","og_title":"Politika pou\u017e\u00edvania s\u00faborov cookie - Borges \u010cesko a Slovensko","og_description":"S\u00fabory cookie s\u00fa mal\u00e9 textov\u00e9 s\u00fabory ur\u010ditej webovej str\u00e1nky, ktor\u00e9 sa ukladaj\u00fa do prehliada\u010da pou\u017e\u00edvate\u013ea, v\u010faka \u010domu m\u00f4\u017ee webov\u00e1 str\u00e1nka...","og_url":"https:\/\/borges1896.com\/cz-sk\/sk\/politika-pouzivania-suborov-cookie\/","og_site_name":"Borges \u010cesko a Slovensko","article_publisher":"https:\/\/www.facebook.com\/BorgesCeskoSlovensko","twitter_card":"summary_large_image","twitter_misc":{"Predpokladan\u00fd \u010das \u010d\u00edtania":"3 min\u00faty"},"schema":{"@context":"https:\/\/schema.org","@graph":[{"@type":"WebPage","@id":"https:\/\/borges1896.com\/cz-sk\/sk\/politika-pouzivania-suborov-cookie\/","url":"https:\/\/borges1896.com\/cz-sk\/sk\/politika-pouzivania-suborov-cookie\/","name":"Politika pou\u017e\u00edvania s\u00faborov cookie - Borges \u010cesko a Slovensko","isPartOf":{"@id":"https:\/\/borges1896.com\/cz-sk\/sk\/#website"},"datePublished":"2021-11-03T21:48:04+00:00","breadcrumb":{"@id":"https:\/\/borges1896.com\/cz-sk\/sk\/politika-pouzivania-suborov-cookie\/#breadcrumb"},"inLanguage":"sk-SK","potentialAction":[{"@type":"ReadAction","target":["https:\/\/borges1896.com\/cz-sk\/sk\/politika-pouzivania-suborov-cookie\/"]}]},{"@type":"BreadcrumbList","@id":"https:\/\/borges1896.com\/cz-sk\/sk\/politika-pouzivania-suborov-cookie\/#breadcrumb","itemListElement":[{"@type":"ListItem","position":1,"name":"Home","item":"https:\/\/borges1896.com\/cz-sk\/sk\/"},{"@type":"ListItem","position":2,"name":"Politika pou\u017e\u00edvania s\u00faborov cookie"}]},{"@type":"WebSite","@id":"https:\/\/borges1896.com\/cz-sk\/sk\/#website","url":"https:\/\/borges1896.com\/cz-sk\/sk\/","name":"Borges \u010cesko a Slovensko","description":"Borges olivov\u00fd olej","inLanguage":"sk-SK"}]}},"_links":{"self":[{"href":"https:\/\/borges1896.com\/cz-sk\/sk\/wp-json\/wp\/v2\/pages\/154","targetHints":{"allow":["GET"]}}],"collection":[{"href":"https:\/\/borges1896.com\/cz-sk\/sk\/wp-json\/wp\/v2\/pages"}],"about":[{"href":"https:\/\/borges1896.com\/cz-sk\/sk\/wp-json\/wp\/v2\/types\/page"}],"author":[{"embeddable":true,"href":"https:\/\/borges1896.com\/cz-sk\/sk\/wp-json\/wp\/v2\/users\/2"}],"replies":[{"embeddable":true,"href":"https:\/\/borges1896.com\/cz-sk\/sk\/wp-json\/wp\/v2\/comments?post=154"}],"version-history":[{"count":1,"href":"https:\/\/borges1896.com\/cz-sk\/sk\/wp-json\/wp\/v2\/pages\/154\/revisions"}],"predecessor-version":[{"id":155,"href":"https:\/\/borges1896.com\/cz-sk\/sk\/wp-json\/wp\/v2\/pages\/154\/revisions\/155"}],"wp:attachment":[{"href":"https:\/\/borges1896.com\/cz-sk\/sk\/wp-json\/wp\/v2\/media?parent=154"}],"curies":[{"name":"wp","href":"https:\/\/api.w.org\/{rel}","templated":true}]}}