{"id":161,"date":"2021-11-03T22:02:31","date_gmt":"2021-11-03T22:02:31","guid":{"rendered":"https:\/\/borges1896.com\/cz-sk\/?page_id=161"},"modified":"2021-11-03T22:07:29","modified_gmt":"2021-11-03T22:07:29","slug":"politika-pouzivani-souboru-cookie","status":"publish","type":"page","link":"https:\/\/borges1896.com\/cz-sk\/politika-pouzivani-souboru-cookie\/","title":{"rendered":"Politika pou\u017e\u00edv\u00e1n\u00ed soubor\u016f cookie"},"content":{"rendered":"<p>Soubory cookie p\u0159i prohl\u00ed\u017een\u00ed str\u00e1nek<br \/>\nSoubory cookie jsou mal\u00e9 textov\u00e9 soubory ur\u010dit\u00e9 webov\u00e9 str\u00e1nky, kter\u00e9 se ukl\u00e1daj\u00ed do prohl\u00ed\u017ee\u010de u\u017eivatele, d\u00edky \u010demu\u017e m\u016f\u017ee webov\u00e1 str\u00e1nka dokumentovat p\u0159ede\u0161lou \u010dinnost u\u017eivatele.<br \/>\nSpr\u00e1va soubor\u016f cookie<br \/>\nM\u016f\u017eete povolit, zablokovat nebo odstranit soubory cookie nainstalovan\u00e9 v po\u010d\u00edta\u010di konfigurac\u00ed mo\u017enost\u00ed prohl\u00ed\u017ee\u010de nainstalovan\u00fdch v po\u010d\u00edta\u010di.<br \/>\nPokud si nejste jisti, jak\u00fd typ a verzi prohl\u00ed\u017ee\u010de pou\u017e\u00edv\u00e1te pro p\u0159\u00edstup na internet:<br \/>\nPro Windows: klikn\u011bte v horn\u00ed \u010d\u00e1sti prohl\u00ed\u017ee\u010de na &#8222;N\u00e1pov\u011bda&#8220; a zvolte mo\u017enost &#8222;Informace o&#8220;.<\/p>\n<p>Jak spravovat soubory cookie ve Windows:<br \/>\nGoogle Chrome<br \/>\nKlikn\u011bte na nab\u00eddku Google Chrome v horn\u00ed \u010d\u00e1sti prohl\u00ed\u017ee\u010de.<br \/>\n1. P\u0159ejd\u011bte na &#8222;Nastaven\u00ed&#8220;.<br \/>\n2. N\u00ed\u017ee klikn\u011bte na &#8222;Roz\u0161\u00ed\u0159en\u00e9&#8220;.<br \/>\n3. V \u010d\u00e1sti &#8222;Ochrana soukrom\u00ed a zabezpe\u010den\u00ed&#8220; klikn\u011bte na &#8222;Nastaven\u00ed obsahu&#8220;.<br \/>\n4. V \u010d\u00e1sti &#8222;Soubory cookie&#8220; m\u016f\u017eete zvolit n\u00e1sleduj\u00edc\u00ed: Povolit str\u00e1nk\u00e1m ukl\u00e1dat a \u010d\u00edst \u00fadaje soubor\u016f cookie, Uchov\u00e1vat m\u00edstn\u00ed \u00fadaje jen do zav\u0159en\u00ed prohl\u00ed\u017ee\u010de, Blokovat soubory cookie t\u0159et\u00edch stran.<br \/>\n5. V\u00edce informac\u00ed naleznete v n\u00e1pov\u011bd\u011b Google Chrome.<\/p>\n<p>Microsoft Internet Explorer 7.0 a 8.0<br \/>\n1. Klepn\u011bte na &#8222;Nastaven\u00ed&#8220; a potom na &#8222;Mo\u017enosti Internetu&#8220;.<br \/>\n2. Klikn\u011bte na &#8222;Ochrana soukrom\u00ed&#8220; pak p\u0159esu\u0148te kurzor mezi horn\u00ed a spodn\u00ed konec tak, aby neblokoval nebo nepovolil soubory cookie.<br \/>\n3. Klepn\u011bte na &#8222;Internetov\u00e9 str\u00e1nky&#8220;.<br \/>\n4. Do pol\u00ed\u010dka &#8222;Webov\u00e1 adresa&#8220; zadejte adresu webov\u00e9 str\u00e1nky a klikn\u011bte na tla\u010d\u00edtko &#8222;Blokovat&#8220; nebo &#8222;Povolit&#8220;.<br \/>\n5. P\u0159i psan\u00ed se zobraz\u00ed seznam webov\u00fdch str\u00e1nek, kter\u00e9 jste nav\u0161t\u00edvili. Pokud klepnete na polo\u017eku v seznamu, zobraz\u00ed se v poli &#8222;Webov\u00e1 adresa&#8220;.<br \/>\n6. Po dokon\u010den\u00ed klikn\u011bte na tla\u010d\u00edtko &#8222;OK&#8220;.<br \/>\n7. Vra\u0165te kurzor do p\u016fvodn\u00ed polohy a klikn\u011bte na tla\u010d\u00edtko &#8222;OK&#8220;.<br \/>\n8. V\u00edce informac\u00ed z\u00edsk\u00e1te v n\u00e1pov\u011bd\u011b Windows.<\/p>\n<p>Mozilla Firefox<br \/>\n1. V horn\u00ed \u010d\u00e1sti okna Firefox klikn\u011bte na tla\u010d\u00edtko Firefox a klikn\u011bte na &#8222;Mo\u017enosti&#8220;.<br \/>\n2. Vyberte mo\u017enost &#8222;Ochrana soukrom\u00ed&#8220;.<br \/>\n3. V \u010d\u00e1sti &#8222;Firefox m\u016f\u017ee:&#8220; vyberte &#8222;Pou\u017e\u00edt vlastn\u00ed nastaven\u00ed pro historii&#8220;.<br \/>\n4. Za\u0161krtn\u011bte volbu &#8222;P\u0159ijmout soubory cookie&#8220; pokud je chcete aktivovat a zru\u0161te za\u0161krtnut\u00ed pro jejich deaktivaci.<br \/>\n5. Pokud nechcete p\u0159ij\u00edmat soubory cookie t\u0159et\u00ed strany, zru\u0161te za\u0161krtnut\u00ed pol\u00ed\u010dka &#8222;Akceptovat cookies t\u0159et\u00edch stran&#8220;.<br \/>\n6. V\u00edce informac\u00ed naleznete v n\u00e1pov\u011bd\u011b Mozilla Firefox.<\/p>\n<p>Safari<br \/>\n1. Klepn\u011bte na ikonku &#8222;Safari&#8220; v horn\u00ed \u010d\u00e1sti okna prohl\u00ed\u017ee\u010de a vyberte mo\u017enost &#8222;P\u0159edvolby&#8220;.<br \/>\n2. Klikn\u011bte na &#8222;Ochrana soukrom\u00ed&#8220;.<br \/>\n3. V \u010d\u00e1sti &#8222;Blokovat soubory cookie&#8220; si m\u016f\u017eete vybrat jednu z n\u00e1sleduj\u00edc\u00edch mo\u017enost\u00ed: &#8222;Reklama a t\u0159et\u00ed strany&#8220;, &#8222;V\u017edy&#8220; nebo &#8222;Nikdy&#8220;.<\/p>\n<p>Opera<br \/>\n1. Klepn\u011bte na &#8222;Nastaven\u00ed&#8220; v horn\u00ed \u010d\u00e1sti prohl\u00ed\u017ee\u010de a zvolte &#8222;Mo\u017enosti&#8220;.<br \/>\n2. Pak vyberte z\u00e1lo\u017eku &#8222;Pokro\u010dil\u00e9&#8220; a v seznamu vlevo vyberte &#8222;Soubory cookie&#8220;.<br \/>\n3. Potom zvolte mo\u017enost &#8222;P\u0159ijmout soubory cookie&#8220;.<br \/>\n4. M\u016f\u017eete zvolit jednu ze t\u0159\u00ed mo\u017enost\u00ed: &#8222;P\u0159ijmout soubory cookie&#8220;, &#8222;P\u0159ijmout soubory cookie pouze z nav\u0161t\u00edven\u00fdch str\u00e1nek&#8220; a &#8222;Nikdy nep\u0159ij\u00edmat soubory cookie&#8220;.<\/p>\n<p>Jak spravovat soubory cookie s Mac OS<br \/>\nGoogle Chrome<br \/>\n1. Klepn\u011bte na nab\u00eddku Google Chrome um\u00edst\u011bnou na li\u0161t\u011b prohl\u00ed\u017ee\u010de.<br \/>\n2. Zvolte &#8222;Nastaven\u00ed&#8220;.<br \/>\n3. Klepn\u011bte na &#8222;Roz\u0161\u00ed\u0159en\u00e9&#8220;.<br \/>\n4. V \u010d\u00e1sti &#8222;Ochrana soukrom\u00ed a zabezpe\u010den\u00ed&#8220; klikn\u011bte na tla\u010d\u00edtko &#8222;Nastaven\u00ed obsahu&#8220;.<br \/>\n5. V \u010d\u00e1sti &#8222;Soubory cookie&#8220; m\u016f\u017eete zvolit n\u00e1sleduj\u00edc\u00ed: Odstranit soubory cookie, Blokovat nebo povolit soubory cookie ve v\u00fdchoz\u00edm nastaven\u00ed, Zahrnout v\u00fdjimky soubor\u016f cookie pro konkr\u00e9tn\u00ed dom\u00e9ny nebo webov\u00e9 str\u00e1nky.<\/p>\n<p>Microsoft Internet Explorer<br \/>\n1. Klepn\u011bte na &#8222;Explorer&#8220; v horn\u00ed \u010d\u00e1sti okna prohl\u00ed\u017ee\u010de a vyberte &#8222;P\u0159edvolby&#8220;.<br \/>\n2. P\u0159ejd\u011bte dol\u016f, dokud se v seznamu p\u0159ijat\u00fdch soubor\u016f nezobraz\u00ed &#8222;Soubory cookie&#8220;.<br \/>\n3. Zvolte mo\u017enost &#8222;neptat se znovu&#8220;.<br \/>\n4. Klepn\u011bte na tla\u010d\u00edtko &#8222;OK&#8220;.<\/p>\n<p>Mozilla Firefox<br \/>\n1.\tNa panelu nab\u00eddek klepn\u011bte na Firefox a zvolte &#8222;P\u0159edvolby&#8220;.<br \/>\n2.\tVyberte mo\u017enost &#8222;Ochrany soukrom\u00ed&#8220;.<br \/>\n3.\tV \u010d\u00e1sti &#8222;Firefox m\u016f\u017ee:&#8220; vyberte &#8222;Pou\u017e\u00edt vlastn\u00ed nastaven\u00ed pro historii&#8220;.<br \/>\n4.\tZa\u0161krtn\u011bte volbu &#8222;P\u0159ijmout soubory cookie&#8220; pokud je chcete aktivovat a zru\u0161te za\u0161krtnut\u00ed pro jejich deaktivaci.<br \/>\n5.\tPokud nechcete p\u0159ij\u00edmat soubory cookie t\u0159et\u00ed strany, zru\u0161te za\u0161krtnut\u00ed pol\u00ed\u010dka &#8222;Akceptovat cookies t\u0159et\u00edch stran&#8220;.<\/p>\n","protected":false},"excerpt":{"rendered":"<p>Soubory cookie p\u0159i prohl\u00ed\u017een\u00ed str\u00e1nek Soubory cookie jsou mal\u00e9 textov\u00e9 soubory ur\u010dit\u00e9 webov\u00e9 str\u00e1nky, kter\u00e9 se ukl\u00e1daj\u00ed do prohl\u00ed\u017ee\u010de u\u017eivatele,&#8230;<\/p>\n","protected":false},"author":2,"featured_media":0,"parent":0,"menu_order":0,"comment_status":"closed","ping_status":"closed","template":"","meta":{"_acf_changed":false,"footnotes":""},"class_list":["post-161","page","type-page","status-publish","hentry"],"acf":[],"yoast_head":"<!-- This site is optimized with the Yoast SEO plugin v27.4 - https:\/\/yoast.com\/product\/yoast-seo-wordpress\/ -->\n<title>Politika pou\u017e\u00edv\u00e1n\u00ed soubor\u016f cookie - Borges \u010cesko a Slovensko<\/title>\n<meta name=\"robots\" content=\"index, follow, max-snippet:-1, max-image-preview:large, max-video-preview:-1\" \/>\n<link rel=\"canonical\" href=\"https:\/\/borges1896.com\/cz-sk\/politika-pouzivani-souboru-cookie\/\" \/>\n<meta property=\"og:locale\" content=\"cs_CZ\" \/>\n<meta property=\"og:type\" content=\"article\" \/>\n<meta property=\"og:title\" content=\"Politika pou\u017e\u00edv\u00e1n\u00ed soubor\u016f cookie - Borges \u010cesko a Slovensko\" \/>\n<meta property=\"og:description\" content=\"Soubory cookie p\u0159i prohl\u00ed\u017een\u00ed str\u00e1nek Soubory cookie jsou mal\u00e9 textov\u00e9 soubory ur\u010dit\u00e9 webov\u00e9 str\u00e1nky, kter\u00e9 se ukl\u00e1daj\u00ed do prohl\u00ed\u017ee\u010de u\u017eivatele,...\" \/>\n<meta property=\"og:url\" content=\"https:\/\/borges1896.com\/cz-sk\/politika-pouzivani-souboru-cookie\/\" \/>\n<meta property=\"og:site_name\" content=\"Borges \u010cesko a Slovensko\" \/>\n<meta property=\"article:publisher\" content=\"https:\/\/www.facebook.com\/BorgesCeskoSlovensko\" \/>\n<meta property=\"article:modified_time\" content=\"2021-11-03T22:07:29+00:00\" \/>\n<meta name=\"twitter:card\" content=\"summary_large_image\" \/>\n<meta name=\"twitter:label1\" content=\"Odhadovan\u00e1 doba \u010dten\u00ed\" \/>\n\t<meta name=\"twitter:data1\" content=\"4 minuty\" \/>\n<script type=\"application\/ld+json\" class=\"yoast-schema-graph\">{\"@context\":\"https:\\\/\\\/schema.org\",\"@graph\":[{\"@type\":\"WebPage\",\"@id\":\"https:\\\/\\\/borges1896.com\\\/cz-sk\\\/politika-pouzivani-souboru-cookie\\\/\",\"url\":\"https:\\\/\\\/borges1896.com\\\/cz-sk\\\/politika-pouzivani-souboru-cookie\\\/\",\"name\":\"Politika pou\u017e\u00edv\u00e1n\u00ed soubor\u016f cookie - Borges \u010cesko a Slovensko\",\"isPartOf\":{\"@id\":\"https:\\\/\\\/borges1896.com\\\/cz-sk\\\/#website\"},\"datePublished\":\"2021-11-03T22:02:31+00:00\",\"dateModified\":\"2021-11-03T22:07:29+00:00\",\"breadcrumb\":{\"@id\":\"https:\\\/\\\/borges1896.com\\\/cz-sk\\\/politika-pouzivani-souboru-cookie\\\/#breadcrumb\"},\"inLanguage\":\"cs\",\"potentialAction\":[{\"@type\":\"ReadAction\",\"target\":[\"https:\\\/\\\/borges1896.com\\\/cz-sk\\\/politika-pouzivani-souboru-cookie\\\/\"]}]},{\"@type\":\"BreadcrumbList\",\"@id\":\"https:\\\/\\\/borges1896.com\\\/cz-sk\\\/politika-pouzivani-souboru-cookie\\\/#breadcrumb\",\"itemListElement\":[{\"@type\":\"ListItem\",\"position\":1,\"name\":\"Home\",\"item\":\"https:\\\/\\\/borges1896.com\\\/cz-sk\\\/\"},{\"@type\":\"ListItem\",\"position\":2,\"name\":\"Politika pou\u017e\u00edv\u00e1n\u00ed soubor\u016f cookie\"}]},{\"@type\":\"WebSite\",\"@id\":\"https:\\\/\\\/borges1896.com\\\/cz-sk\\\/#website\",\"url\":\"https:\\\/\\\/borges1896.com\\\/cz-sk\\\/\",\"name\":\"Borges \u010cesko a Slovensko\",\"description\":\"Borges olivov\u00fd olej\",\"inLanguage\":\"cs\"}]}<\/script>\n<!-- \/ Yoast SEO plugin. -->","yoast_head_json":{"title":"Politika pou\u017e\u00edv\u00e1n\u00ed soubor\u016f cookie - Borges \u010cesko a Slovensko","robots":{"index":"index","follow":"follow","max-snippet":"max-snippet:-1","max-image-preview":"max-image-preview:large","max-video-preview":"max-video-preview:-1"},"canonical":"https:\/\/borges1896.com\/cz-sk\/politika-pouzivani-souboru-cookie\/","og_locale":"cs_CZ","og_type":"article","og_title":"Politika pou\u017e\u00edv\u00e1n\u00ed soubor\u016f cookie - Borges \u010cesko a Slovensko","og_description":"Soubory cookie p\u0159i prohl\u00ed\u017een\u00ed str\u00e1nek Soubory cookie jsou mal\u00e9 textov\u00e9 soubory ur\u010dit\u00e9 webov\u00e9 str\u00e1nky, kter\u00e9 se ukl\u00e1daj\u00ed do prohl\u00ed\u017ee\u010de u\u017eivatele,...","og_url":"https:\/\/borges1896.com\/cz-sk\/politika-pouzivani-souboru-cookie\/","og_site_name":"Borges \u010cesko a Slovensko","article_publisher":"https:\/\/www.facebook.com\/BorgesCeskoSlovensko","article_modified_time":"2021-11-03T22:07:29+00:00","twitter_card":"summary_large_image","twitter_misc":{"Odhadovan\u00e1 doba \u010dten\u00ed":"4 minuty"},"schema":{"@context":"https:\/\/schema.org","@graph":[{"@type":"WebPage","@id":"https:\/\/borges1896.com\/cz-sk\/politika-pouzivani-souboru-cookie\/","url":"https:\/\/borges1896.com\/cz-sk\/politika-pouzivani-souboru-cookie\/","name":"Politika pou\u017e\u00edv\u00e1n\u00ed soubor\u016f cookie - Borges \u010cesko a Slovensko","isPartOf":{"@id":"https:\/\/borges1896.com\/cz-sk\/#website"},"datePublished":"2021-11-03T22:02:31+00:00","dateModified":"2021-11-03T22:07:29+00:00","breadcrumb":{"@id":"https:\/\/borges1896.com\/cz-sk\/politika-pouzivani-souboru-cookie\/#breadcrumb"},"inLanguage":"cs","potentialAction":[{"@type":"ReadAction","target":["https:\/\/borges1896.com\/cz-sk\/politika-pouzivani-souboru-cookie\/"]}]},{"@type":"BreadcrumbList","@id":"https:\/\/borges1896.com\/cz-sk\/politika-pouzivani-souboru-cookie\/#breadcrumb","itemListElement":[{"@type":"ListItem","position":1,"name":"Home","item":"https:\/\/borges1896.com\/cz-sk\/"},{"@type":"ListItem","position":2,"name":"Politika pou\u017e\u00edv\u00e1n\u00ed soubor\u016f cookie"}]},{"@type":"WebSite","@id":"https:\/\/borges1896.com\/cz-sk\/#website","url":"https:\/\/borges1896.com\/cz-sk\/","name":"Borges \u010cesko a Slovensko","description":"Borges olivov\u00fd olej","inLanguage":"cs"}]}},"_links":{"self":[{"href":"https:\/\/borges1896.com\/cz-sk\/wp-json\/wp\/v2\/pages\/161","targetHints":{"allow":["GET"]}}],"collection":[{"href":"https:\/\/borges1896.com\/cz-sk\/wp-json\/wp\/v2\/pages"}],"about":[{"href":"https:\/\/borges1896.com\/cz-sk\/wp-json\/wp\/v2\/types\/page"}],"author":[{"embeddable":true,"href":"https:\/\/borges1896.com\/cz-sk\/wp-json\/wp\/v2\/users\/2"}],"replies":[{"embeddable":true,"href":"https:\/\/borges1896.com\/cz-sk\/wp-json\/wp\/v2\/comments?post=161"}],"version-history":[{"count":3,"href":"https:\/\/borges1896.com\/cz-sk\/wp-json\/wp\/v2\/pages\/161\/revisions"}],"predecessor-version":[{"id":164,"href":"https:\/\/borges1896.com\/cz-sk\/wp-json\/wp\/v2\/pages\/161\/revisions\/164"}],"wp:attachment":[{"href":"https:\/\/borges1896.com\/cz-sk\/wp-json\/wp\/v2\/media?parent=161"}],"curies":[{"name":"wp","href":"https:\/\/api.w.org\/{rel}","templated":true}]}}