{"id":165,"date":"2021-11-03T22:08:58","date_gmt":"2021-11-03T22:08:58","guid":{"rendered":"https:\/\/borges1896.com\/cz-sk\/?page_id=165"},"modified":"2021-11-03T22:11:34","modified_gmt":"2021-11-03T22:11:34","slug":"zreknuti-se-odpovednosti","status":"publish","type":"page","link":"https:\/\/borges1896.com\/cz-sk\/zreknuti-se-odpovednosti\/","title":{"rendered":"Z\u0158EKNUT\u00cd SE ODPOV\u011aDNOSTI"},"content":{"rendered":"<p>V\u0161echna pr\u00e1va na pr\u016fmyslov\u00e9 a du\u0161evn\u00ed vlastnictv\u00ed webov\u00e9 str\u00e1nky www.borges.es (www.borges1896.com) a jej\u00ed obsah (texty, obr\u00e1zky, zvukov\u00e9 z\u00e1znamy, audio, video, n\u00e1vrhy, v\u00fdtvory, software atd.) Jsou vlastnictv\u00edm spole\u010dnosti BORGES S.A. nebo t\u0159et\u00edch stran. U\u017eivatel si m\u016f\u017ee kdykoliv pro sv\u00e9 v\u00fdhradn\u00ed osobn\u00ed pou\u017eit\u00ed zobrazit ve\u0161ker\u00fd obsah, vytisknout ho, zkop\u00edrovat a ulo\u017eit na sv\u016fj pevn\u00fd disk nebo na jak\u00e9koli jin\u00e9 fyzick\u00e9 m\u00e9dium. Jak\u00e9koliv pou\u017eit\u00ed informac\u00ed z webov\u00e9 str\u00e1nky, v\u010detn\u011b propagace, distribuce, jako\u017e i jejich modifikac\u00ed, \u00faprav a dekompilac\u00ed v jak\u00e9koliv form\u011b je zak\u00e1z\u00e1no.<br \/>\nU\u017eivatel se zavazuje, \u017ee obsah a slu\u017eby zve\u0159ejn\u011bn\u00e9 spole\u010dnost\u00ed Borges na webov\u00fdch str\u00e1nk\u00e1ch bude vyu\u017e\u00edvat n\u00e1le\u017eit\u011b a nebude je pou\u017e\u00edvat k p\u00e1ch\u00e1n\u00ed nez\u00e1konn\u00fdch \u010din\u016f, kter\u00e9 jsou v rozporu s dobrou v\u016fl\u00ed nebo z\u00e1konem; nebude zp\u016fsobovat syst\u00e9mov\u00e9 \u0161kody spole\u010dnosti Borges, jej\u00edm dodavatel\u016fm nebo t\u0159et\u00edm stran\u00e1m; a nebude zav\u00e1d\u011bt nebo \u0161\u00ed\u0159it viry v po\u010d\u00edta\u010dov\u00e9 s\u00edti ani v jin\u00fdch syst\u00e9mech, kter\u00e9 by mohly zp\u016fsobit \u0161kody.<br \/>\nBorges si vyhrazuje pr\u00e1vo prov\u00e1d\u011bt \u00fapravy na sv\u00e9 webov\u00e9 str\u00e1nce bez p\u0159edchoz\u00edho upozorn\u011bn\u00ed, p\u0159i\u010dem\u017e m\u016f\u017ee m\u011bnit, odstra\u0148ovat nebo p\u0159id\u00e1vat obsah a slu\u017eby, kter\u00e9 poskytuje, jako\u017e i zp\u016fsob, kter\u00fdm se budou zobrazovat nebo umis\u0165ovat.<br \/>\nSpole\u010dnost Borges bude st\u00edhat v\u0161echny poru\u0161en\u00ed v\u00fd\u0161e uveden\u00fdch podm\u00ednek, jako\u017e i jak\u00e9koliv jin\u00e9 nespr\u00e1vn\u00e9 pou\u017e\u00edv\u00e1n\u00ed obsahu zve\u0159ejn\u011bn\u00e9ho na jej\u00ed webov\u00e9 str\u00e1nce.<br \/>\nSpole\u010dnost Borges povoluje citace jej\u00edho obsahu na jin\u00fdch webov\u00fdch str\u00e1nk\u00e1ch, pokud existuj\u00ed hypertextov\u00e9 odkazy na n\u011bkterou z jej\u00edch webov\u00fdch str\u00e1nek.<br \/>\nPokud jde o slu\u017eby, kter\u00e9 jsou u\u017eivatel\u016fm k dispozici prost\u0159ednictv\u00edm registrace a p\u0159ihl\u00e1\u0161en\u00ed, v\u0161echny informace se podle platn\u00fdch pr\u00e1vn\u00edch p\u0159edpis\u016f uchov\u00e1vaj\u00ed v nejp\u0159\u00edsn\u011bj\u0161\u00ed d\u016fv\u011brnosti. Spole\u010dnost Borges dodr\u017euje tento z\u00e1kon o ochran\u011b osobn\u00edch \u00fadaj\u016f sv\u00fdch odb\u011bratel\u016f a zachov\u00e1v\u00e1 je v nejp\u0159\u00edsn\u011bj\u0161\u00ed d\u016fv\u011brnosti v souladu se \u0160pan\u011blsk\u00fdm organick\u00fdm z\u00e1konem 15\/99 ze dne 13. prosince 1999 o ochran\u011b osobn\u00edch \u00fadaj\u016f (d\u00e1le jen &#8222;LOPD&#8220;).<br \/>\nU\u017eivatel\u00e9 zaregistrovan\u00ed na webov\u00fdch str\u00e1nk\u00e1ch Borges jsou opr\u00e1vn\u011bni uplatnit sv\u00e9 pr\u00e1vo na p\u0159\u00edstup k \u00fadaj\u016fm, opravu a zru\u0161en\u00ed i odvolat sv\u016fj souhlas s p\u0159i\u0159azen\u00edm sv\u00fdch \u00fadaj\u016f za podm\u00ednek stanoven\u00fdch v LOPD a dal\u0161\u00edch pravidlech, kter\u00e1 se t\u00fdkaj\u00ed ochrany osobn\u00edch \u00fadaj\u016f.<br \/>\nPolitika ochrany osobn\u00edch \u00fadaj\u016f a z\u00e1znam \u010dinnost\u00ed<br \/>\nV souladu s Evropsk\u00fdm na\u0159\u00edzen\u00edm o ochran\u011b osobn\u00edch \u00fadaj\u016f 679\/2016 v\u00e1s informujeme, \u017ee \u00fadaje se stanou sou\u010d\u00e1st\u00ed souboru, za kter\u00fd odpov\u00edd\u00e1 spole\u010dnost, kter\u00e1 vlastn\u00ed web, aby mohla spravovat va\u0161e n\u00e1v\u0161t\u011bvy a \/ nebo z\u00e1znam \u010dinnosti. Va\u0161e \u00fadaje budou uchov\u00e1v\u00e1ny b\u011bhem spr\u00e1vy z\u00e1znam\u016f \u010dinnosti a mohou se posouvat mezi spole\u010dnostmi skupiny Borges International Group v p\u0159\u00edpad\u011b p\u0159evodu aktiv (viz seznam na www.borgesinternationalgroup.es). Spole\u010dnost UNIVER iuris S.L. (www.uneon.es) je pov\u011b\u0159ena ochranou osobn\u00edch \u00fadaj\u016f. U\u017eivatel m\u00e1 pr\u00e1vo na p\u0159\u00edstup, omezen\u00ed, p\u0159enosnost, n\u00e1mitky na \u0160pan\u011blsk\u00fd \u00fa\u0159ad pro ochranu \u00fadaj\u016f, vymaz\u00e1n\u00ed nebo zapomenut\u00ed, opravu, zru\u0161en\u00ed. V\u00fdhrady proti zpracov\u00e1n\u00ed \u00fadaj\u016f lze podat prost\u0159ednictv\u00edm e-mailu lopd@borges.es nebo na adrese Calle Flix n\u00ba29 43205 Reus (Tarragona). Odpov\u00edme na ka\u017edou \u017e\u00e1dost.<br \/>\nV souladu s evropsk\u00fdm na\u0159\u00edzen\u00edm poskytujeme informace o rejst\u0159\u00edku aktivit.<\/p>\n<p><strong>Tabulka z\u00e1znam\u016f aktivit<\/strong><\/p>\n<p>Odpov\u011bdn\u00fd za spis a zpracov\u00e1n\u00ed<\/p>\n<p>Borges International Group, S.L.<br \/>\nS\u00eddlo: Calle Flix 29, 43205 Reus<br \/>\nDI\u010c: B43214139<br \/>\ne-mail: <a href=\"mailto:lopd@borges-big.com\">lopd@borges-big.com<\/a><br \/>\nTelefonick\u00fd kontakt: +34 977 30 90 00<\/p>\n<p>Pov\u011b\u0159en za zpracov\u00e1n\u00ed<\/p>\n<p>UNIVER IURIS S.L.<br \/>\nMoll de la Marina n\u00ba6 Puerto Ol\u00edmpico Barcelona<br \/>\nDI\u010c: B63044010<br \/>\n<a href=\"mailto:consultes@uneon.es\">consultes@uneon.es<\/a><\/p>\n<p>\u010cinnost a \u00fa\u010del zpracov\u00e1n\u00ed Zpracov\u00e1vaj\u00ed se \u00fadaje: ze \u017eivotopis\u016f za \u00fa\u010delem obsazen\u00ed pracovn\u00edch m\u00edst, pracovn\u00edk\u016f pro \u0159\u00edzen\u00ed pr\u00e1ce, spot\u0159ebitel\u016f pro \u0159\u00edzen\u00ed klubu a propaga\u010dn\u00edch akc\u00ed, z videoz\u00e1znam\u016f monitoruj\u00edc\u00edch bezpe\u010dnost, z\u00e1kazn\u00edk\u016f a dodavatel\u016f pro da\u0148ov\u00e9 spr\u00e1vy a kontakty.<\/p>\n","protected":false},"excerpt":{"rendered":"<p>V\u0161echna pr\u00e1va na pr\u016fmyslov\u00e9 a du\u0161evn\u00ed vlastnictv\u00ed webov\u00e9 str\u00e1nky www.borges.es (www.borges1896.com) a jej\u00ed obsah (texty, obr\u00e1zky, zvukov\u00e9 z\u00e1znamy, audio, video,&#8230;<\/p>\n","protected":false},"author":2,"featured_media":0,"parent":0,"menu_order":0,"comment_status":"closed","ping_status":"closed","template":"","meta":{"_acf_changed":false,"footnotes":""},"class_list":["post-165","page","type-page","status-publish","hentry"],"acf":[],"yoast_head":"<!-- This site is optimized with the Yoast SEO plugin v27.4 - https:\/\/yoast.com\/product\/yoast-seo-wordpress\/ -->\n<title>Z\u0158EKNUT\u00cd SE ODPOV\u011aDNOSTI - Borges \u010cesko a Slovensko<\/title>\n<meta name=\"robots\" content=\"index, follow, max-snippet:-1, max-image-preview:large, max-video-preview:-1\" \/>\n<link rel=\"canonical\" href=\"https:\/\/borges1896.com\/cz-sk\/zreknuti-se-odpovednosti\/\" \/>\n<meta property=\"og:locale\" content=\"cs_CZ\" \/>\n<meta property=\"og:type\" content=\"article\" \/>\n<meta property=\"og:title\" content=\"Z\u0158EKNUT\u00cd SE ODPOV\u011aDNOSTI - Borges \u010cesko a Slovensko\" \/>\n<meta property=\"og:description\" content=\"V\u0161echna pr\u00e1va na pr\u016fmyslov\u00e9 a du\u0161evn\u00ed vlastnictv\u00ed webov\u00e9 str\u00e1nky www.borges.es (www.borges1896.com) a jej\u00ed obsah (texty, obr\u00e1zky, zvukov\u00e9 z\u00e1znamy, audio, video,...\" \/>\n<meta property=\"og:url\" content=\"https:\/\/borges1896.com\/cz-sk\/zreknuti-se-odpovednosti\/\" \/>\n<meta property=\"og:site_name\" content=\"Borges \u010cesko a Slovensko\" \/>\n<meta property=\"article:publisher\" content=\"https:\/\/www.facebook.com\/BorgesCeskoSlovensko\" \/>\n<meta property=\"article:modified_time\" content=\"2021-11-03T22:11:34+00:00\" \/>\n<meta name=\"twitter:card\" content=\"summary_large_image\" \/>\n<meta name=\"twitter:label1\" content=\"Odhadovan\u00e1 doba \u010dten\u00ed\" \/>\n\t<meta name=\"twitter:data1\" content=\"3 minuty\" \/>\n<script type=\"application\/ld+json\" class=\"yoast-schema-graph\">{\"@context\":\"https:\\\/\\\/schema.org\",\"@graph\":[{\"@type\":\"WebPage\",\"@id\":\"https:\\\/\\\/borges1896.com\\\/cz-sk\\\/zreknuti-se-odpovednosti\\\/\",\"url\":\"https:\\\/\\\/borges1896.com\\\/cz-sk\\\/zreknuti-se-odpovednosti\\\/\",\"name\":\"Z\u0158EKNUT\u00cd SE ODPOV\u011aDNOSTI - Borges \u010cesko a Slovensko\",\"isPartOf\":{\"@id\":\"https:\\\/\\\/borges1896.com\\\/cz-sk\\\/#website\"},\"datePublished\":\"2021-11-03T22:08:58+00:00\",\"dateModified\":\"2021-11-03T22:11:34+00:00\",\"breadcrumb\":{\"@id\":\"https:\\\/\\\/borges1896.com\\\/cz-sk\\\/zreknuti-se-odpovednosti\\\/#breadcrumb\"},\"inLanguage\":\"cs\",\"potentialAction\":[{\"@type\":\"ReadAction\",\"target\":[\"https:\\\/\\\/borges1896.com\\\/cz-sk\\\/zreknuti-se-odpovednosti\\\/\"]}]},{\"@type\":\"BreadcrumbList\",\"@id\":\"https:\\\/\\\/borges1896.com\\\/cz-sk\\\/zreknuti-se-odpovednosti\\\/#breadcrumb\",\"itemListElement\":[{\"@type\":\"ListItem\",\"position\":1,\"name\":\"Home\",\"item\":\"https:\\\/\\\/borges1896.com\\\/cz-sk\\\/\"},{\"@type\":\"ListItem\",\"position\":2,\"name\":\"Z\u0158EKNUT\u00cd SE ODPOV\u011aDNOSTI\"}]},{\"@type\":\"WebSite\",\"@id\":\"https:\\\/\\\/borges1896.com\\\/cz-sk\\\/#website\",\"url\":\"https:\\\/\\\/borges1896.com\\\/cz-sk\\\/\",\"name\":\"Borges \u010cesko a Slovensko\",\"description\":\"Borges olivov\u00fd olej\",\"inLanguage\":\"cs\"}]}<\/script>\n<!-- \/ Yoast SEO plugin. -->","yoast_head_json":{"title":"Z\u0158EKNUT\u00cd SE ODPOV\u011aDNOSTI - Borges \u010cesko a Slovensko","robots":{"index":"index","follow":"follow","max-snippet":"max-snippet:-1","max-image-preview":"max-image-preview:large","max-video-preview":"max-video-preview:-1"},"canonical":"https:\/\/borges1896.com\/cz-sk\/zreknuti-se-odpovednosti\/","og_locale":"cs_CZ","og_type":"article","og_title":"Z\u0158EKNUT\u00cd SE ODPOV\u011aDNOSTI - Borges \u010cesko a Slovensko","og_description":"V\u0161echna pr\u00e1va na pr\u016fmyslov\u00e9 a du\u0161evn\u00ed vlastnictv\u00ed webov\u00e9 str\u00e1nky www.borges.es (www.borges1896.com) a jej\u00ed obsah (texty, obr\u00e1zky, zvukov\u00e9 z\u00e1znamy, audio, video,...","og_url":"https:\/\/borges1896.com\/cz-sk\/zreknuti-se-odpovednosti\/","og_site_name":"Borges \u010cesko a Slovensko","article_publisher":"https:\/\/www.facebook.com\/BorgesCeskoSlovensko","article_modified_time":"2021-11-03T22:11:34+00:00","twitter_card":"summary_large_image","twitter_misc":{"Odhadovan\u00e1 doba \u010dten\u00ed":"3 minuty"},"schema":{"@context":"https:\/\/schema.org","@graph":[{"@type":"WebPage","@id":"https:\/\/borges1896.com\/cz-sk\/zreknuti-se-odpovednosti\/","url":"https:\/\/borges1896.com\/cz-sk\/zreknuti-se-odpovednosti\/","name":"Z\u0158EKNUT\u00cd SE ODPOV\u011aDNOSTI - Borges \u010cesko a Slovensko","isPartOf":{"@id":"https:\/\/borges1896.com\/cz-sk\/#website"},"datePublished":"2021-11-03T22:08:58+00:00","dateModified":"2021-11-03T22:11:34+00:00","breadcrumb":{"@id":"https:\/\/borges1896.com\/cz-sk\/zreknuti-se-odpovednosti\/#breadcrumb"},"inLanguage":"cs","potentialAction":[{"@type":"ReadAction","target":["https:\/\/borges1896.com\/cz-sk\/zreknuti-se-odpovednosti\/"]}]},{"@type":"BreadcrumbList","@id":"https:\/\/borges1896.com\/cz-sk\/zreknuti-se-odpovednosti\/#breadcrumb","itemListElement":[{"@type":"ListItem","position":1,"name":"Home","item":"https:\/\/borges1896.com\/cz-sk\/"},{"@type":"ListItem","position":2,"name":"Z\u0158EKNUT\u00cd SE ODPOV\u011aDNOSTI"}]},{"@type":"WebSite","@id":"https:\/\/borges1896.com\/cz-sk\/#website","url":"https:\/\/borges1896.com\/cz-sk\/","name":"Borges \u010cesko a Slovensko","description":"Borges olivov\u00fd olej","inLanguage":"cs"}]}},"_links":{"self":[{"href":"https:\/\/borges1896.com\/cz-sk\/wp-json\/wp\/v2\/pages\/165","targetHints":{"allow":["GET"]}}],"collection":[{"href":"https:\/\/borges1896.com\/cz-sk\/wp-json\/wp\/v2\/pages"}],"about":[{"href":"https:\/\/borges1896.com\/cz-sk\/wp-json\/wp\/v2\/types\/page"}],"author":[{"embeddable":true,"href":"https:\/\/borges1896.com\/cz-sk\/wp-json\/wp\/v2\/users\/2"}],"replies":[{"embeddable":true,"href":"https:\/\/borges1896.com\/cz-sk\/wp-json\/wp\/v2\/comments?post=165"}],"version-history":[{"count":1,"href":"https:\/\/borges1896.com\/cz-sk\/wp-json\/wp\/v2\/pages\/165\/revisions"}],"predecessor-version":[{"id":166,"href":"https:\/\/borges1896.com\/cz-sk\/wp-json\/wp\/v2\/pages\/165\/revisions\/166"}],"wp:attachment":[{"href":"https:\/\/borges1896.com\/cz-sk\/wp-json\/wp\/v2\/media?parent=165"}],"curies":[{"name":"wp","href":"https:\/\/api.w.org\/{rel}","templated":true}]}}