{"id":169,"date":"2021-11-03T17:13:33","date_gmt":"2021-11-03T17:13:33","guid":{"rendered":"https:\/\/borges1896.com\/cz-sk\/o-nas\/"},"modified":"2025-06-13T09:20:31","modified_gmt":"2025-06-13T09:20:31","slug":"o-nas","status":"publish","type":"page","link":"https:\/\/borges1896.com\/cz-sk\/o-nas\/","title":{"rendered":"O N\u00c1S"},"content":{"rendered":"","protected":false},"excerpt":{"rendered":"","protected":false},"author":2,"featured_media":0,"parent":0,"menu_order":0,"comment_status":"closed","ping_status":"closed","template":"views\/template-content.blade.php","meta":{"_acf_changed":false,"footnotes":""},"class_list":["post-169","page","type-page","status-publish","hentry"],"acf":[],"yoast_head":"<!-- This site is optimized with the Yoast SEO plugin v27.4 - https:\/\/yoast.com\/product\/yoast-seo-wordpress\/ -->\n<title>O n\u00e1s - Borges International<\/title>\n<meta name=\"description\" content=\"sme l\u00eddrem v oblasti \u0159\u00edzen\u00ed zem\u011bd\u011blsk\u00fdch podnik\u016f, pr\u016fmyslov\u00e9ho zpracov\u00e1n\u00ed, balen\u00ed a komercializace olivov\u00fdch olej\u016f a olej\u016f ze semen, oct\u016f.\" \/>\n<meta name=\"robots\" content=\"index, follow, max-snippet:-1, max-image-preview:large, max-video-preview:-1\" \/>\n<link rel=\"canonical\" href=\"https:\/\/borges1896.com\/cz-sk\/o-nas\/\" \/>\n<meta property=\"og:locale\" content=\"cs_CZ\" \/>\n<meta property=\"og:type\" content=\"article\" \/>\n<meta property=\"og:title\" content=\"O n\u00e1s - Borges International\" \/>\n<meta property=\"og:description\" content=\"sme l\u00eddrem v oblasti \u0159\u00edzen\u00ed zem\u011bd\u011blsk\u00fdch podnik\u016f, pr\u016fmyslov\u00e9ho zpracov\u00e1n\u00ed, balen\u00ed a komercializace olivov\u00fdch olej\u016f a olej\u016f ze semen, oct\u016f.\" \/>\n<meta property=\"og:url\" content=\"https:\/\/borges1896.com\/cz-sk\/o-nas\/\" \/>\n<meta property=\"og:site_name\" content=\"Borges \u010cesko a Slovensko\" \/>\n<meta property=\"article:publisher\" content=\"https:\/\/www.facebook.com\/BorgesCeskoSlovensko\" \/>\n<meta property=\"article:modified_time\" content=\"2025-06-13T09:20:31+00:00\" \/>\n<meta name=\"twitter:card\" content=\"summary_large_image\" \/>\n<meta name=\"twitter:label1\" content=\"Odhadovan\u00e1 doba \u010dten\u00ed\" \/>\n\t<meta name=\"twitter:data1\" content=\"5 minut\" \/>\n<script type=\"application\/ld+json\" class=\"yoast-schema-graph\">{\"@context\":\"https:\\\/\\\/schema.org\",\"@graph\":[{\"@type\":\"WebPage\",\"@id\":\"https:\\\/\\\/borges1896.com\\\/cz-sk\\\/o-nas\\\/\",\"url\":\"https:\\\/\\\/borges1896.com\\\/cz-sk\\\/o-nas\\\/\",\"name\":\"O n\u00e1s - Borges International\",\"isPartOf\":{\"@id\":\"https:\\\/\\\/borges1896.com\\\/cz-sk\\\/#website\"},\"datePublished\":\"2021-11-03T17:13:33+00:00\",\"dateModified\":\"2025-06-13T09:20:31+00:00\",\"description\":\"sme l\u00eddrem v oblasti \u0159\u00edzen\u00ed zem\u011bd\u011blsk\u00fdch podnik\u016f, pr\u016fmyslov\u00e9ho zpracov\u00e1n\u00ed, balen\u00ed a komercializace olivov\u00fdch olej\u016f a olej\u016f ze semen, oct\u016f.\",\"breadcrumb\":{\"@id\":\"https:\\\/\\\/borges1896.com\\\/cz-sk\\\/o-nas\\\/#breadcrumb\"},\"inLanguage\":\"cs\",\"potentialAction\":[{\"@type\":\"ReadAction\",\"target\":[\"https:\\\/\\\/borges1896.com\\\/cz-sk\\\/o-nas\\\/\"]}]},{\"@type\":\"BreadcrumbList\",\"@id\":\"https:\\\/\\\/borges1896.com\\\/cz-sk\\\/o-nas\\\/#breadcrumb\",\"itemListElement\":[{\"@type\":\"ListItem\",\"position\":1,\"name\":\"Home\",\"item\":\"https:\\\/\\\/borges1896.com\\\/cz-sk\\\/\"},{\"@type\":\"ListItem\",\"position\":2,\"name\":\"O N\u00c1S\"}]},{\"@type\":\"WebSite\",\"@id\":\"https:\\\/\\\/borges1896.com\\\/cz-sk\\\/#website\",\"url\":\"https:\\\/\\\/borges1896.com\\\/cz-sk\\\/\",\"name\":\"Borges \u010cesko a Slovensko\",\"description\":\"Borges olivov\u00fd olej\",\"inLanguage\":\"cs\"}]}<\/script>\n<!-- \/ Yoast SEO plugin. -->","yoast_head_json":{"title":"O n\u00e1s - Borges International","description":"sme l\u00eddrem v oblasti \u0159\u00edzen\u00ed zem\u011bd\u011blsk\u00fdch podnik\u016f, pr\u016fmyslov\u00e9ho zpracov\u00e1n\u00ed, balen\u00ed a komercializace olivov\u00fdch olej\u016f a olej\u016f ze semen, oct\u016f.","robots":{"index":"index","follow":"follow","max-snippet":"max-snippet:-1","max-image-preview":"max-image-preview:large","max-video-preview":"max-video-preview:-1"},"canonical":"https:\/\/borges1896.com\/cz-sk\/o-nas\/","og_locale":"cs_CZ","og_type":"article","og_title":"O n\u00e1s - Borges International","og_description":"sme l\u00eddrem v oblasti \u0159\u00edzen\u00ed zem\u011bd\u011blsk\u00fdch podnik\u016f, pr\u016fmyslov\u00e9ho zpracov\u00e1n\u00ed, balen\u00ed a komercializace olivov\u00fdch olej\u016f a olej\u016f ze semen, oct\u016f.","og_url":"https:\/\/borges1896.com\/cz-sk\/o-nas\/","og_site_name":"Borges \u010cesko a Slovensko","article_publisher":"https:\/\/www.facebook.com\/BorgesCeskoSlovensko","article_modified_time":"2025-06-13T09:20:31+00:00","twitter_card":"summary_large_image","twitter_misc":{"Odhadovan\u00e1 doba \u010dten\u00ed":"5 minut"},"schema":{"@context":"https:\/\/schema.org","@graph":[{"@type":"WebPage","@id":"https:\/\/borges1896.com\/cz-sk\/o-nas\/","url":"https:\/\/borges1896.com\/cz-sk\/o-nas\/","name":"O n\u00e1s - Borges International","isPartOf":{"@id":"https:\/\/borges1896.com\/cz-sk\/#website"},"datePublished":"2021-11-03T17:13:33+00:00","dateModified":"2025-06-13T09:20:31+00:00","description":"sme l\u00eddrem v oblasti \u0159\u00edzen\u00ed zem\u011bd\u011blsk\u00fdch podnik\u016f, pr\u016fmyslov\u00e9ho zpracov\u00e1n\u00ed, balen\u00ed a komercializace olivov\u00fdch olej\u016f a olej\u016f ze semen, oct\u016f.","breadcrumb":{"@id":"https:\/\/borges1896.com\/cz-sk\/o-nas\/#breadcrumb"},"inLanguage":"cs","potentialAction":[{"@type":"ReadAction","target":["https:\/\/borges1896.com\/cz-sk\/o-nas\/"]}]},{"@type":"BreadcrumbList","@id":"https:\/\/borges1896.com\/cz-sk\/o-nas\/#breadcrumb","itemListElement":[{"@type":"ListItem","position":1,"name":"Home","item":"https:\/\/borges1896.com\/cz-sk\/"},{"@type":"ListItem","position":2,"name":"O N\u00c1S"}]},{"@type":"WebSite","@id":"https:\/\/borges1896.com\/cz-sk\/#website","url":"https:\/\/borges1896.com\/cz-sk\/","name":"Borges \u010cesko a Slovensko","description":"Borges olivov\u00fd olej","inLanguage":"cs"}]}},"_links":{"self":[{"href":"https:\/\/borges1896.com\/cz-sk\/wp-json\/wp\/v2\/pages\/169","targetHints":{"allow":["GET"]}}],"collection":[{"href":"https:\/\/borges1896.com\/cz-sk\/wp-json\/wp\/v2\/pages"}],"about":[{"href":"https:\/\/borges1896.com\/cz-sk\/wp-json\/wp\/v2\/types\/page"}],"author":[{"embeddable":true,"href":"https:\/\/borges1896.com\/cz-sk\/wp-json\/wp\/v2\/users\/2"}],"replies":[{"embeddable":true,"href":"https:\/\/borges1896.com\/cz-sk\/wp-json\/wp\/v2\/comments?post=169"}],"version-history":[{"count":7,"href":"https:\/\/borges1896.com\/cz-sk\/wp-json\/wp\/v2\/pages\/169\/revisions"}],"predecessor-version":[{"id":16497,"href":"https:\/\/borges1896.com\/cz-sk\/wp-json\/wp\/v2\/pages\/169\/revisions\/16497"}],"wp:attachment":[{"href":"https:\/\/borges1896.com\/cz-sk\/wp-json\/wp\/v2\/media?parent=169"}],"curies":[{"name":"wp","href":"https:\/\/api.w.org\/{rel}","templated":true}]}}