{"id":11,"date":"2018-02-01T11:23:20","date_gmt":"2018-02-01T11:23:20","guid":{"rendered":"https:\/\/borges1896.com\/?page_id=11"},"modified":"2025-03-24T11:43:18","modified_gmt":"2025-03-24T11:43:18","slug":"portada","status":"publish","type":"page","link":"https:\/\/borges1896.com\/es\/","title":{"rendered":"Portada"},"content":{"rendered":"","protected":false},"excerpt":{"rendered":"","protected":false},"author":1,"featured_media":0,"parent":0,"menu_order":0,"comment_status":"closed","ping_status":"closed","template":"","meta":{"_acf_changed":false,"footnotes":""},"class_list":["post-11","page","type-page","status-publish","hentry"],"acf":[],"yoast_head":"<!-- This site is optimized with the Yoast SEO plugin v27.2 - https:\/\/yoast.com\/product\/yoast-seo-wordpress\/ -->\n<title>Borges, selecci\u00f3n de productos de alimentaci\u00f3n - Borges<\/title>\n<meta name=\"description\" content=\"En Borges te traemos la mejor selecci\u00f3n de productos de alimentaci\u00f3n mediterr\u00e1nea. Aceites, frutos secos, salsas y pastas de la mejor calidad.\" \/>\n<meta name=\"robots\" content=\"index, follow, max-snippet:-1, max-image-preview:large, max-video-preview:-1\" \/>\n<link rel=\"canonical\" href=\"https:\/\/borges1896.com\/es\/\" \/>\n<meta property=\"og:locale\" content=\"es_ES\" \/>\n<meta property=\"og:type\" content=\"article\" \/>\n<meta property=\"og:title\" content=\"Borges, selecci\u00f3n de productos de alimentaci\u00f3n - Borges\" \/>\n<meta property=\"og:description\" content=\"En Borges te traemos la mejor selecci\u00f3n de productos de alimentaci\u00f3n mediterr\u00e1nea. Aceites, frutos secos, salsas y pastas de la mejor calidad.\" \/>\n<meta property=\"og:url\" content=\"https:\/\/borges1896.com\/es\/\" \/>\n<meta property=\"og:site_name\" content=\"Borges\" \/>\n<meta property=\"article:modified_time\" content=\"2025-03-24T11:43:18+00:00\" \/>\n<meta name=\"twitter:card\" content=\"summary_large_image\" \/>\n<meta name=\"twitter:label1\" content=\"Tiempo de lectura\" \/>\n\t<meta name=\"twitter:data1\" content=\"1 minuto\" \/>\n<script type=\"application\/ld+json\" class=\"yoast-schema-graph\">{\"@context\":\"https:\/\/schema.org\",\"@graph\":[{\"@type\":\"WebPage\",\"@id\":\"https:\/\/borges1896.com\/es\/\",\"url\":\"https:\/\/borges1896.com\/es\/\",\"name\":\"Borges, selecci\u00f3n de productos de alimentaci\u00f3n - Borges\",\"isPartOf\":{\"@id\":\"https:\/\/borges1896.com\/es\/#website\"},\"datePublished\":\"2018-02-01T11:23:20+00:00\",\"dateModified\":\"2025-03-24T11:43:18+00:00\",\"description\":\"En Borges te traemos la mejor selecci\u00f3n de productos de alimentaci\u00f3n mediterr\u00e1nea. Aceites, frutos secos, salsas y pastas de la mejor calidad.\",\"breadcrumb\":{\"@id\":\"https:\/\/borges1896.com\/es\/#breadcrumb\"},\"inLanguage\":\"es\",\"potentialAction\":[{\"@type\":\"ReadAction\",\"target\":[\"https:\/\/borges1896.com\/es\/\"]}]},{\"@type\":\"BreadcrumbList\",\"@id\":\"https:\/\/borges1896.com\/es\/#breadcrumb\",\"itemListElement\":[{\"@type\":\"ListItem\",\"position\":1,\"name\":\"Home\",\"item\":\"https:\/\/borges1896.com\/es\/\"},{\"@type\":\"ListItem\",\"position\":2,\"name\":\"Portada\"}]},{\"@type\":\"WebSite\",\"@id\":\"https:\/\/borges1896.com\/es\/#website\",\"url\":\"https:\/\/borges1896.com\/es\/\",\"name\":\"Borges\",\"description\":\"Aqu\u00ed disfrutamos de la cocina saludable y sabrosa. \u00bfTe apuntas?\",\"inLanguage\":\"es\"}]}<\/script>\n<!-- \/ Yoast SEO plugin. -->","yoast_head_json":{"title":"Borges, selecci\u00f3n de productos de alimentaci\u00f3n - Borges","description":"En Borges te traemos la mejor selecci\u00f3n de productos de alimentaci\u00f3n mediterr\u00e1nea. Aceites, frutos secos, salsas y pastas de la mejor calidad.","robots":{"index":"index","follow":"follow","max-snippet":"max-snippet:-1","max-image-preview":"max-image-preview:large","max-video-preview":"max-video-preview:-1"},"canonical":"https:\/\/borges1896.com\/es\/","og_locale":"es_ES","og_type":"article","og_title":"Borges, selecci\u00f3n de productos de alimentaci\u00f3n - Borges","og_description":"En Borges te traemos la mejor selecci\u00f3n de productos de alimentaci\u00f3n mediterr\u00e1nea. Aceites, frutos secos, salsas y pastas de la mejor calidad.","og_url":"https:\/\/borges1896.com\/es\/","og_site_name":"Borges","article_modified_time":"2025-03-24T11:43:18+00:00","twitter_card":"summary_large_image","twitter_misc":{"Tiempo de lectura":"1 minuto"},"schema":{"@context":"https:\/\/schema.org","@graph":[{"@type":"WebPage","@id":"https:\/\/borges1896.com\/es\/","url":"https:\/\/borges1896.com\/es\/","name":"Borges, selecci\u00f3n de productos de alimentaci\u00f3n - Borges","isPartOf":{"@id":"https:\/\/borges1896.com\/es\/#website"},"datePublished":"2018-02-01T11:23:20+00:00","dateModified":"2025-03-24T11:43:18+00:00","description":"En Borges te traemos la mejor selecci\u00f3n de productos de alimentaci\u00f3n mediterr\u00e1nea. Aceites, frutos secos, salsas y pastas de la mejor calidad.","breadcrumb":{"@id":"https:\/\/borges1896.com\/es\/#breadcrumb"},"inLanguage":"es","potentialAction":[{"@type":"ReadAction","target":["https:\/\/borges1896.com\/es\/"]}]},{"@type":"BreadcrumbList","@id":"https:\/\/borges1896.com\/es\/#breadcrumb","itemListElement":[{"@type":"ListItem","position":1,"name":"Home","item":"https:\/\/borges1896.com\/es\/"},{"@type":"ListItem","position":2,"name":"Portada"}]},{"@type":"WebSite","@id":"https:\/\/borges1896.com\/es\/#website","url":"https:\/\/borges1896.com\/es\/","name":"Borges","description":"Aqu\u00ed disfrutamos de la cocina saludable y sabrosa. \u00bfTe apuntas?","inLanguage":"es"}]}},"_links":{"self":[{"href":"https:\/\/borges1896.com\/es\/wp-json\/wp\/v2\/pages\/11","targetHints":{"allow":["GET"]}}],"collection":[{"href":"https:\/\/borges1896.com\/es\/wp-json\/wp\/v2\/pages"}],"about":[{"href":"https:\/\/borges1896.com\/es\/wp-json\/wp\/v2\/types\/page"}],"author":[{"embeddable":true,"href":"https:\/\/borges1896.com\/es\/wp-json\/wp\/v2\/users\/1"}],"replies":[{"embeddable":true,"href":"https:\/\/borges1896.com\/es\/wp-json\/wp\/v2\/comments?post=11"}],"version-history":[{"count":5,"href":"https:\/\/borges1896.com\/es\/wp-json\/wp\/v2\/pages\/11\/revisions"}],"predecessor-version":[{"id":74740,"href":"https:\/\/borges1896.com\/es\/wp-json\/wp\/v2\/pages\/11\/revisions\/74740"}],"wp:attachment":[{"href":"https:\/\/borges1896.com\/es\/wp-json\/wp\/v2\/media?parent=11"}],"curies":[{"name":"wp","href":"https:\/\/api.w.org\/{rel}","templated":true}]}}