{"id":194,"date":"2018-03-13T10:01:35","date_gmt":"2018-03-13T10:01:35","guid":{"rendered":"https:\/\/borges1896.com\/?page_id=194"},"modified":"2022-03-30T10:49:15","modified_gmt":"2022-03-30T10:49:15","slug":"politica-de-privacidad","status":"publish","type":"page","link":"https:\/\/borges1896.com\/es\/politica-de-privacidad\/","title":{"rendered":"Pol\u00edtica de privacidad"},"content":{"rendered":"<p><strong><u>Pol\u00edtica<\/u><\/strong><strong><u>\u00a0de privacidad y registro de actividades<\/u><\/strong><\/p>\n<p>De conformidad con el Reglamento Europeo de Privacidad 679\/2016 le informamos que los datos pasar\u00e1n a formar parte de un fichero responsabilidad de la empresa titular de la web con la finalidad de gestionar tu consulta y\/o relaci\u00f3n. Sus datos ser\u00e1n conservados mientras se gestiona la relaci\u00f3n y pueden ser comunicados entre las empresas de Borges International Group en caso de cesi\u00f3n de activos (Ver listado en www.borgesinternationalgroup.es). El delegado de Protecci\u00f3n de datos es UNIVER IURIS S.L. (<a href=\"http:\/\/www.uneon.es\/\">www.uneon.es<\/a>).\u00a0\u00a0El usuario tiene el derecho de acceso, limitaci\u00f3n, portabilidad, reclamaci\u00f3n a la Autoridad Espa\u00f1ola de Protecci\u00f3n de Datos, supresi\u00f3n u olvido, rectificaci\u00f3n, cancelaci\u00f3n y oposici\u00f3n al tratamiento de datos mediante el e-mail\u00a0<a href=\"mailto:lopd@borges-big.com\">lopd@borges-big.com<\/a>\u00a0o en el domicilio social sito en\u00a0Calle Flix n\u00ba29 43205 Reus (Tarragona). Daremos respuesta a cualquier petici\u00f3n.<\/p>\n<p>De conformidad con el Reglamento Europeo facilitamos informaci\u00f3n del Registro de Actividades.<\/p>\n<div class=\"table-responsive\">\n<table class=\"responsive\">\n<tbody>\n<tr>\n<td colspan=\"2\"><strong>Ficha registro de actividades<\/strong><\/td>\n<\/tr>\n<tr>\n<td>Responsable del fichero y tratamiento<\/td>\n<td>Borges International Group, S.L.U. Domicilio: Calle Flix 29, 43205 Reus<\/p>\n<p>CIF: B43214139<\/p>\n<p>E-mail contacto:\u00a0<a href=\"mailto:lopd@borges-big.com\">lopd@borges-big.com<\/a><\/p>\n<p>Tel\u00e9fono: +34 977 30 90 00<\/td>\n<\/tr>\n<tr>\n<td>Delegado del tratamiento<\/td>\n<td>UNIVER IURIS S.L.Moll de la Marina n\u00ba6 Puerto Ol\u00edmpico Barcelona<\/p>\n<p>CIF B63044010<\/p>\n<p>consultes@uneon.es<\/td>\n<\/tr>\n<tr>\n<td>Actividad, finalidad del tratamiento<\/td>\n<td>Tratamiento de datos de Curr\u00edculos para gesti\u00f3n de puesto de trabajo, trabajadores para la gesti\u00f3n laboral, clientes para gesti\u00f3n fiscal, consumidores para la gesti\u00f3n del club y promociones, video vigilados para la seguridad, clientes y proveedores para la gesti\u00f3n fiscal y contactos.<\/td>\n<\/tr>\n<tr>\n<td>Categor\u00eda<\/td>\n<td>Curr\u00edculos: Datos identificativosTrabajadores: Datos identificativos, cuenta bancaria y los propios exigencia legal seguridad social, INEM, etc.<\/p>\n<p>Clientes, contactos y proveedores: Datos identificativos<\/p>\n<p>Consumidores: Datos identificativos<\/p>\n<p>Video vigilados: Dato imagen<\/td>\n<\/tr>\n<tr>\n<td>Periodo conservaci\u00f3n<\/td>\n<td>Durante los plazos de responsabilidad laboral, fiscal y civil<\/td>\n<\/tr>\n<tr>\n<td>Medidas de seguridad<\/td>\n<td>Por razones de seguridad se atender\u00e1 \u00fanicamente a peticiones fundamentadas en el contacto DPO.<\/td>\n<\/tr>\n<\/tbody>\n<\/table>\n<\/div>\n","protected":false},"excerpt":{"rendered":"<p>Pol\u00edtica\u00a0de privacidad y registro de actividades De conformidad con el Reglamento Europeo de Privacidad 679\/2016 le informamos que los datos&#8230;<\/p>\n","protected":false},"author":1,"featured_media":0,"parent":0,"menu_order":0,"comment_status":"closed","ping_status":"closed","template":"","meta":{"_acf_changed":false,"footnotes":""},"class_list":["post-194","page","type-page","status-publish","hentry"],"acf":[],"yoast_head":"<!-- This site is optimized with the Yoast SEO plugin v27.2 - https:\/\/yoast.com\/product\/yoast-seo-wordpress\/ -->\n<title>Pol\u00edtica de privacidad - Borges<\/title>\n<meta name=\"robots\" content=\"noindex, nofollow\" \/>\n<meta property=\"og:locale\" content=\"es_ES\" \/>\n<meta property=\"og:type\" content=\"article\" \/>\n<meta property=\"og:title\" content=\"Pol\u00edtica de privacidad - Borges\" \/>\n<meta property=\"og:description\" content=\"Pol\u00edtica\u00a0de privacidad y registro de actividades De conformidad con el Reglamento Europeo de Privacidad 679\/2016 le informamos que los datos...\" \/>\n<meta property=\"og:url\" content=\"https:\/\/borges1896.com\/es\/politica-de-privacidad\/\" \/>\n<meta property=\"og:site_name\" content=\"Borges\" \/>\n<meta property=\"article:modified_time\" content=\"2022-03-30T10:49:15+00:00\" \/>\n<meta name=\"twitter:card\" content=\"summary_large_image\" \/>\n<meta name=\"twitter:label1\" content=\"Tiempo de lectura\" \/>\n\t<meta name=\"twitter:data1\" content=\"2 minutos\" \/>\n<script type=\"application\/ld+json\" class=\"yoast-schema-graph\">{\"@context\":\"https:\/\/schema.org\",\"@graph\":[{\"@type\":\"WebPage\",\"@id\":\"https:\/\/borges1896.com\/es\/politica-de-privacidad\/\",\"url\":\"https:\/\/borges1896.com\/es\/politica-de-privacidad\/\",\"name\":\"Pol\u00edtica de privacidad - Borges\",\"isPartOf\":{\"@id\":\"https:\/\/borges1896.com\/es\/#website\"},\"datePublished\":\"2018-03-13T10:01:35+00:00\",\"dateModified\":\"2022-03-30T10:49:15+00:00\",\"breadcrumb\":{\"@id\":\"https:\/\/borges1896.com\/es\/politica-de-privacidad\/#breadcrumb\"},\"inLanguage\":\"es\",\"potentialAction\":[{\"@type\":\"ReadAction\",\"target\":[\"https:\/\/borges1896.com\/es\/politica-de-privacidad\/\"]}]},{\"@type\":\"BreadcrumbList\",\"@id\":\"https:\/\/borges1896.com\/es\/politica-de-privacidad\/#breadcrumb\",\"itemListElement\":[{\"@type\":\"ListItem\",\"position\":1,\"name\":\"Home\",\"item\":\"https:\/\/borges1896.com\/es\/\"},{\"@type\":\"ListItem\",\"position\":2,\"name\":\"Pol\u00edtica de privacidad\"}]},{\"@type\":\"WebSite\",\"@id\":\"https:\/\/borges1896.com\/es\/#website\",\"url\":\"https:\/\/borges1896.com\/es\/\",\"name\":\"Borges\",\"description\":\"Aqu\u00ed disfrutamos de la cocina saludable y sabrosa. \u00bfTe apuntas?\",\"inLanguage\":\"es\"}]}<\/script>\n<!-- \/ Yoast SEO plugin. -->","yoast_head_json":{"title":"Pol\u00edtica de privacidad - Borges","robots":{"index":"noindex","follow":"nofollow"},"og_locale":"es_ES","og_type":"article","og_title":"Pol\u00edtica de privacidad - Borges","og_description":"Pol\u00edtica\u00a0de privacidad y registro de actividades De conformidad con el Reglamento Europeo de Privacidad 679\/2016 le informamos que los datos...","og_url":"https:\/\/borges1896.com\/es\/politica-de-privacidad\/","og_site_name":"Borges","article_modified_time":"2022-03-30T10:49:15+00:00","twitter_card":"summary_large_image","twitter_misc":{"Tiempo de lectura":"2 minutos"},"schema":{"@context":"https:\/\/schema.org","@graph":[{"@type":"WebPage","@id":"https:\/\/borges1896.com\/es\/politica-de-privacidad\/","url":"https:\/\/borges1896.com\/es\/politica-de-privacidad\/","name":"Pol\u00edtica de privacidad - Borges","isPartOf":{"@id":"https:\/\/borges1896.com\/es\/#website"},"datePublished":"2018-03-13T10:01:35+00:00","dateModified":"2022-03-30T10:49:15+00:00","breadcrumb":{"@id":"https:\/\/borges1896.com\/es\/politica-de-privacidad\/#breadcrumb"},"inLanguage":"es","potentialAction":[{"@type":"ReadAction","target":["https:\/\/borges1896.com\/es\/politica-de-privacidad\/"]}]},{"@type":"BreadcrumbList","@id":"https:\/\/borges1896.com\/es\/politica-de-privacidad\/#breadcrumb","itemListElement":[{"@type":"ListItem","position":1,"name":"Home","item":"https:\/\/borges1896.com\/es\/"},{"@type":"ListItem","position":2,"name":"Pol\u00edtica de privacidad"}]},{"@type":"WebSite","@id":"https:\/\/borges1896.com\/es\/#website","url":"https:\/\/borges1896.com\/es\/","name":"Borges","description":"Aqu\u00ed disfrutamos de la cocina saludable y sabrosa. \u00bfTe apuntas?","inLanguage":"es"}]}},"_links":{"self":[{"href":"https:\/\/borges1896.com\/es\/wp-json\/wp\/v2\/pages\/194","targetHints":{"allow":["GET"]}}],"collection":[{"href":"https:\/\/borges1896.com\/es\/wp-json\/wp\/v2\/pages"}],"about":[{"href":"https:\/\/borges1896.com\/es\/wp-json\/wp\/v2\/types\/page"}],"author":[{"embeddable":true,"href":"https:\/\/borges1896.com\/es\/wp-json\/wp\/v2\/users\/1"}],"replies":[{"embeddable":true,"href":"https:\/\/borges1896.com\/es\/wp-json\/wp\/v2\/comments?post=194"}],"version-history":[{"count":2,"href":"https:\/\/borges1896.com\/es\/wp-json\/wp\/v2\/pages\/194\/revisions"}],"predecessor-version":[{"id":23739,"href":"https:\/\/borges1896.com\/es\/wp-json\/wp\/v2\/pages\/194\/revisions\/23739"}],"wp:attachment":[{"href":"https:\/\/borges1896.com\/es\/wp-json\/wp\/v2\/media?parent=194"}],"curies":[{"name":"wp","href":"https:\/\/api.w.org\/{rel}","templated":true}]}}