{"id":20691,"date":"2022-01-21T09:59:51","date_gmt":"2022-01-21T09:59:51","guid":{"rendered":"https:\/\/borges1896.com\/?page_id=20691"},"modified":"2022-01-21T19:04:09","modified_gmt":"2022-01-21T19:04:09","slug":"politica-del-canal-de-denuncias","status":"publish","type":"page","link":"https:\/\/borges1896.com\/es\/politica-del-canal-de-denuncias\/","title":{"rendered":"Pol\u00edtica del Canal de denuncias"},"content":{"rendered":"<p>De conformidad con el Reglamento Europeo de Privacidad 679\/2016 le informamos que los datos pasar\u00e1n a formar parte de un fichero responsabilidad de\u00a0<strong>Borges Branded Foods, S.A.U.<\/strong>\u00a0con la finalidad de gestionar esta comunicaci\u00f3n por el canal de denuncia interno. Sus datos ser\u00e1n conservados en principio durante 3 meses mientras se gestiona la incidencia, de forma protegida. En casos excepcionales este dato se conservar\u00e1 m\u00e1s tiempo, en otro entorno protegido. Exclusivamente el personal del departamento jur\u00eddico, RRHH y, en su caso, direcci\u00f3n, tendr\u00e1n acceso a esta informaci\u00f3n de forma protegida. El delegado de Protecci\u00f3n de datos es UNIVER IURIS S.L. (<a href=\"http:\/\/www.uneon.es\/\" target=\"_blank\" rel=\"noopener\">www.uneon.es<\/a>). El usuario tiene el derecho de acceso, limitaci\u00f3n, portabilidad, reclamaci\u00f3n a la Autoridad Espa\u00f1ola de Protecci\u00f3n de Datos, supresi\u00f3n u olvido, rectificaci\u00f3n, cancelaci\u00f3n y oposici\u00f3n al tratamiento de datos mediante el email\u00a0<a href=\"mailto:lopd@borges-big.com\">lopd@borges-big.com<\/a>\u00a0o en el domicilio social sito en Avda. Josep Trepat Galceran, 38 &#8211; T\u00e0rrega.<\/p>\n<p>Daremos respuesta a cualquier petici\u00f3n.<\/p>\n","protected":false},"excerpt":{"rendered":"<p>De conformidad con el Reglamento Europeo de Privacidad 679\/2016 le informamos que los datos pasar\u00e1n a formar parte de un&#8230;<\/p>\n","protected":false},"author":2,"featured_media":0,"parent":0,"menu_order":0,"comment_status":"closed","ping_status":"closed","template":"","meta":{"_acf_changed":false,"footnotes":""},"class_list":["post-20691","page","type-page","status-publish","hentry"],"acf":[],"yoast_head":"<!-- This site is optimized with the Yoast SEO plugin v27.4 - https:\/\/yoast.com\/product\/yoast-seo-wordpress\/ -->\n<title>Pol\u00edtica del Canal de denuncias - Borges<\/title>\n<meta name=\"robots\" content=\"index, follow, max-snippet:-1, max-image-preview:large, max-video-preview:-1\" \/>\n<link rel=\"canonical\" href=\"https:\/\/borges1896.com\/es\/politica-del-canal-de-denuncias\/\" \/>\n<meta property=\"og:locale\" content=\"es_ES\" \/>\n<meta property=\"og:type\" content=\"article\" \/>\n<meta property=\"og:title\" content=\"Pol\u00edtica del Canal de denuncias - Borges\" \/>\n<meta property=\"og:description\" content=\"De conformidad con el Reglamento Europeo de Privacidad 679\/2016 le informamos que los datos pasar\u00e1n a formar parte de un...\" \/>\n<meta property=\"og:url\" content=\"https:\/\/borges1896.com\/es\/politica-del-canal-de-denuncias\/\" \/>\n<meta property=\"og:site_name\" content=\"Borges\" \/>\n<meta property=\"article:modified_time\" content=\"2022-01-21T19:04:09+00:00\" \/>\n<meta name=\"twitter:card\" content=\"summary_large_image\" \/>\n<meta name=\"twitter:label1\" content=\"Tiempo de lectura\" \/>\n\t<meta name=\"twitter:data1\" content=\"1 minuto\" \/>\n<script type=\"application\/ld+json\" class=\"yoast-schema-graph\">{\"@context\":\"https:\\\/\\\/schema.org\",\"@graph\":[{\"@type\":\"WebPage\",\"@id\":\"https:\\\/\\\/borges1896.com\\\/es\\\/politica-del-canal-de-denuncias\\\/\",\"url\":\"https:\\\/\\\/borges1896.com\\\/es\\\/politica-del-canal-de-denuncias\\\/\",\"name\":\"Pol\u00edtica del Canal de denuncias - Borges\",\"isPartOf\":{\"@id\":\"https:\\\/\\\/borges1896.com\\\/es\\\/#website\"},\"datePublished\":\"2022-01-21T09:59:51+00:00\",\"dateModified\":\"2022-01-21T19:04:09+00:00\",\"breadcrumb\":{\"@id\":\"https:\\\/\\\/borges1896.com\\\/es\\\/politica-del-canal-de-denuncias\\\/#breadcrumb\"},\"inLanguage\":\"es\",\"potentialAction\":[{\"@type\":\"ReadAction\",\"target\":[\"https:\\\/\\\/borges1896.com\\\/es\\\/politica-del-canal-de-denuncias\\\/\"]}]},{\"@type\":\"BreadcrumbList\",\"@id\":\"https:\\\/\\\/borges1896.com\\\/es\\\/politica-del-canal-de-denuncias\\\/#breadcrumb\",\"itemListElement\":[{\"@type\":\"ListItem\",\"position\":1,\"name\":\"Home\",\"item\":\"https:\\\/\\\/borges1896.com\\\/es\\\/\"},{\"@type\":\"ListItem\",\"position\":2,\"name\":\"Pol\u00edtica del Canal de denuncias\"}]},{\"@type\":\"WebSite\",\"@id\":\"https:\\\/\\\/borges1896.com\\\/es\\\/#website\",\"url\":\"https:\\\/\\\/borges1896.com\\\/es\\\/\",\"name\":\"Borges\",\"description\":\"Aqu\u00ed disfrutamos de la cocina saludable y sabrosa. \u00bfTe apuntas?\",\"inLanguage\":\"es\"}]}<\/script>\n<!-- \/ Yoast SEO plugin. -->","yoast_head_json":{"title":"Pol\u00edtica del Canal de denuncias - Borges","robots":{"index":"index","follow":"follow","max-snippet":"max-snippet:-1","max-image-preview":"max-image-preview:large","max-video-preview":"max-video-preview:-1"},"canonical":"https:\/\/borges1896.com\/es\/politica-del-canal-de-denuncias\/","og_locale":"es_ES","og_type":"article","og_title":"Pol\u00edtica del Canal de denuncias - Borges","og_description":"De conformidad con el Reglamento Europeo de Privacidad 679\/2016 le informamos que los datos pasar\u00e1n a formar parte de un...","og_url":"https:\/\/borges1896.com\/es\/politica-del-canal-de-denuncias\/","og_site_name":"Borges","article_modified_time":"2022-01-21T19:04:09+00:00","twitter_card":"summary_large_image","twitter_misc":{"Tiempo de lectura":"1 minuto"},"schema":{"@context":"https:\/\/schema.org","@graph":[{"@type":"WebPage","@id":"https:\/\/borges1896.com\/es\/politica-del-canal-de-denuncias\/","url":"https:\/\/borges1896.com\/es\/politica-del-canal-de-denuncias\/","name":"Pol\u00edtica del Canal de denuncias - Borges","isPartOf":{"@id":"https:\/\/borges1896.com\/es\/#website"},"datePublished":"2022-01-21T09:59:51+00:00","dateModified":"2022-01-21T19:04:09+00:00","breadcrumb":{"@id":"https:\/\/borges1896.com\/es\/politica-del-canal-de-denuncias\/#breadcrumb"},"inLanguage":"es","potentialAction":[{"@type":"ReadAction","target":["https:\/\/borges1896.com\/es\/politica-del-canal-de-denuncias\/"]}]},{"@type":"BreadcrumbList","@id":"https:\/\/borges1896.com\/es\/politica-del-canal-de-denuncias\/#breadcrumb","itemListElement":[{"@type":"ListItem","position":1,"name":"Home","item":"https:\/\/borges1896.com\/es\/"},{"@type":"ListItem","position":2,"name":"Pol\u00edtica del Canal de denuncias"}]},{"@type":"WebSite","@id":"https:\/\/borges1896.com\/es\/#website","url":"https:\/\/borges1896.com\/es\/","name":"Borges","description":"Aqu\u00ed disfrutamos de la cocina saludable y sabrosa. \u00bfTe apuntas?","inLanguage":"es"}]}},"_links":{"self":[{"href":"https:\/\/borges1896.com\/es\/wp-json\/wp\/v2\/pages\/20691","targetHints":{"allow":["GET"]}}],"collection":[{"href":"https:\/\/borges1896.com\/es\/wp-json\/wp\/v2\/pages"}],"about":[{"href":"https:\/\/borges1896.com\/es\/wp-json\/wp\/v2\/types\/page"}],"author":[{"embeddable":true,"href":"https:\/\/borges1896.com\/es\/wp-json\/wp\/v2\/users\/2"}],"replies":[{"embeddable":true,"href":"https:\/\/borges1896.com\/es\/wp-json\/wp\/v2\/comments?post=20691"}],"version-history":[{"count":3,"href":"https:\/\/borges1896.com\/es\/wp-json\/wp\/v2\/pages\/20691\/revisions"}],"predecessor-version":[{"id":20717,"href":"https:\/\/borges1896.com\/es\/wp-json\/wp\/v2\/pages\/20691\/revisions\/20717"}],"wp:attachment":[{"href":"https:\/\/borges1896.com\/es\/wp-json\/wp\/v2\/media?parent=20691"}],"curies":[{"name":"wp","href":"https:\/\/api.w.org\/{rel}","templated":true}]}}