{"id":22877,"date":"2022-02-28T16:14:37","date_gmt":"2022-02-28T16:14:37","guid":{"rendered":"https:\/\/borges1896.com\/?page_id=22877"},"modified":"2022-03-30T09:23:15","modified_gmt":"2022-03-30T09:23:15","slug":"aviso-legal-2","status":"publish","type":"page","link":"https:\/\/borges1896.com\/es\/aviso-legal-2\/","title":{"rendered":"Aviso legal"},"content":{"rendered":"<h2>Condiciones de Uso del portal<\/h2>\n<p>Mediante esta p\u00e1gina web se facilita el acceso al portal web de BORGES. El hecho de conectarse a esta p\u00e1gina web implica la aceptaci\u00f3n del presente Aviso Legal.<\/p>\n<h3>Identificaci\u00f3n de la empresa<\/h3>\n<p>En cumplimiento del art\u00edculo 10 de la Ley de Servicios de la Sociedad de la Informaci\u00f3n y Comercio Electr\u00f3nico BORGES informa:<\/p>\n<p>Titular de la web: borges.es.<\/p>\n<p>BORGES INTERNATIONAL GROUP, S.L.U.<br \/>\nNIF B-08.960.650<br \/>\nDomicilio: Avda. Josept Trepat s\/n T\u00e0rrega (Lleida)<br \/>\nInscrita en el Registro Mercantil de Lleida, en el Tomo 1406, Folio 152, Secci\u00f3n 8, Hoja L 28232<\/p>\n<p>Atenci\u00f3n al Cliente<\/p>\n<p>Tel\u00e9fono: 902157326<br \/>\nE-mail: <a href=\"mailto:contacto@borges.es\">contacto@borges.es<\/a><\/p>\n<p><strong>Propiedad Intelectual<\/strong><\/p>\n<p>Todos los contenidos del Portal, entendiendo por estos a t\u00edtulo meramente enunciativo los textos, fotograf\u00edas, gr\u00e1ficos, im\u00e1genes, iconos, tecnolog\u00eda, software, links y dem\u00e1s contenidos, as\u00ed como su dise\u00f1o gr\u00e1fico y c\u00f3digos fuente son propiedad intelectual de nuestra compa\u00f1\u00eda y de terceros, sin que puedan entenderse cedidos al Usuario ninguno de los derechos de explotaci\u00f3n sobre los mismos m\u00e1s all\u00e1 de lo estrictamente necesario para el correcto uso del Portal.<\/p>\n<p>Estos derechos est\u00e1n registrados en el Registro de la Propiedad Intelectual.<\/p>\n<p>Todos los derechos reservados.<\/p>\n<p><strong>Otros<\/strong><\/p>\n<p>BORGES no se hace responsable de los sitios web de terceros a los que se accede mediante v\u00ednculos a los que llevan o de los que proceden los Sitios Web. BORGES no responde de la veracidad de la informaci\u00f3n mostrada por los fabricantes o laboratorios.<\/p>\n<p>Respecto los links o hiperenlaces declinamos toda responsabilidad por aquellos que remitan a nuestra p\u00e1gina web y en el caso de aquellos que aparezcan en nuestra p\u00e1gina la conexi\u00f3n lo har\u00e1n a t\u00edtulo informativo y deben tener nuestra autorizaci\u00f3n.<\/p>\n","protected":false},"excerpt":{"rendered":"<p>Condiciones de Uso del portal Mediante esta p\u00e1gina web se facilita el acceso al portal web de BORGES. El hecho&#8230;<\/p>\n","protected":false},"author":2,"featured_media":0,"parent":0,"menu_order":0,"comment_status":"closed","ping_status":"closed","template":"","meta":{"_acf_changed":false,"footnotes":""},"class_list":["post-22877","page","type-page","status-publish","hentry"],"acf":[],"yoast_head":"<!-- This site is optimized with the Yoast SEO plugin v27.2 - https:\/\/yoast.com\/product\/yoast-seo-wordpress\/ -->\n<title>Aviso legal - Borges<\/title>\n<meta name=\"robots\" content=\"index, follow, max-snippet:-1, max-image-preview:large, max-video-preview:-1\" \/>\n<link rel=\"canonical\" href=\"https:\/\/borges1896.com\/es\/aviso-legal-2\/\" \/>\n<meta property=\"og:locale\" content=\"es_ES\" \/>\n<meta property=\"og:type\" content=\"article\" \/>\n<meta property=\"og:title\" content=\"Aviso legal - Borges\" \/>\n<meta property=\"og:description\" content=\"Condiciones de Uso del portal Mediante esta p\u00e1gina web se facilita el acceso al portal web de BORGES. El hecho...\" \/>\n<meta property=\"og:url\" content=\"https:\/\/borges1896.com\/es\/aviso-legal-2\/\" \/>\n<meta property=\"og:site_name\" content=\"Borges\" \/>\n<meta property=\"article:modified_time\" content=\"2022-03-30T09:23:15+00:00\" \/>\n<meta name=\"twitter:card\" content=\"summary_large_image\" \/>\n<meta name=\"twitter:label1\" content=\"Tiempo de lectura\" \/>\n\t<meta name=\"twitter:data1\" content=\"2 minutos\" \/>\n<script type=\"application\/ld+json\" class=\"yoast-schema-graph\">{\"@context\":\"https:\/\/schema.org\",\"@graph\":[{\"@type\":\"WebPage\",\"@id\":\"https:\/\/borges1896.com\/es\/aviso-legal-2\/\",\"url\":\"https:\/\/borges1896.com\/es\/aviso-legal-2\/\",\"name\":\"Aviso legal - Borges\",\"isPartOf\":{\"@id\":\"https:\/\/borges1896.com\/es\/#website\"},\"datePublished\":\"2022-02-28T16:14:37+00:00\",\"dateModified\":\"2022-03-30T09:23:15+00:00\",\"breadcrumb\":{\"@id\":\"https:\/\/borges1896.com\/es\/aviso-legal-2\/#breadcrumb\"},\"inLanguage\":\"es\",\"potentialAction\":[{\"@type\":\"ReadAction\",\"target\":[\"https:\/\/borges1896.com\/es\/aviso-legal-2\/\"]}]},{\"@type\":\"BreadcrumbList\",\"@id\":\"https:\/\/borges1896.com\/es\/aviso-legal-2\/#breadcrumb\",\"itemListElement\":[{\"@type\":\"ListItem\",\"position\":1,\"name\":\"Home\",\"item\":\"https:\/\/borges1896.com\/es\/\"},{\"@type\":\"ListItem\",\"position\":2,\"name\":\"Aviso legal\"}]},{\"@type\":\"WebSite\",\"@id\":\"https:\/\/borges1896.com\/es\/#website\",\"url\":\"https:\/\/borges1896.com\/es\/\",\"name\":\"Borges\",\"description\":\"Aqu\u00ed disfrutamos de la cocina saludable y sabrosa. \u00bfTe apuntas?\",\"inLanguage\":\"es\"}]}<\/script>\n<!-- \/ Yoast SEO plugin. -->","yoast_head_json":{"title":"Aviso legal - Borges","robots":{"index":"index","follow":"follow","max-snippet":"max-snippet:-1","max-image-preview":"max-image-preview:large","max-video-preview":"max-video-preview:-1"},"canonical":"https:\/\/borges1896.com\/es\/aviso-legal-2\/","og_locale":"es_ES","og_type":"article","og_title":"Aviso legal - Borges","og_description":"Condiciones de Uso del portal Mediante esta p\u00e1gina web se facilita el acceso al portal web de BORGES. El hecho...","og_url":"https:\/\/borges1896.com\/es\/aviso-legal-2\/","og_site_name":"Borges","article_modified_time":"2022-03-30T09:23:15+00:00","twitter_card":"summary_large_image","twitter_misc":{"Tiempo de lectura":"2 minutos"},"schema":{"@context":"https:\/\/schema.org","@graph":[{"@type":"WebPage","@id":"https:\/\/borges1896.com\/es\/aviso-legal-2\/","url":"https:\/\/borges1896.com\/es\/aviso-legal-2\/","name":"Aviso legal - Borges","isPartOf":{"@id":"https:\/\/borges1896.com\/es\/#website"},"datePublished":"2022-02-28T16:14:37+00:00","dateModified":"2022-03-30T09:23:15+00:00","breadcrumb":{"@id":"https:\/\/borges1896.com\/es\/aviso-legal-2\/#breadcrumb"},"inLanguage":"es","potentialAction":[{"@type":"ReadAction","target":["https:\/\/borges1896.com\/es\/aviso-legal-2\/"]}]},{"@type":"BreadcrumbList","@id":"https:\/\/borges1896.com\/es\/aviso-legal-2\/#breadcrumb","itemListElement":[{"@type":"ListItem","position":1,"name":"Home","item":"https:\/\/borges1896.com\/es\/"},{"@type":"ListItem","position":2,"name":"Aviso legal"}]},{"@type":"WebSite","@id":"https:\/\/borges1896.com\/es\/#website","url":"https:\/\/borges1896.com\/es\/","name":"Borges","description":"Aqu\u00ed disfrutamos de la cocina saludable y sabrosa. \u00bfTe apuntas?","inLanguage":"es"}]}},"_links":{"self":[{"href":"https:\/\/borges1896.com\/es\/wp-json\/wp\/v2\/pages\/22877","targetHints":{"allow":["GET"]}}],"collection":[{"href":"https:\/\/borges1896.com\/es\/wp-json\/wp\/v2\/pages"}],"about":[{"href":"https:\/\/borges1896.com\/es\/wp-json\/wp\/v2\/types\/page"}],"author":[{"embeddable":true,"href":"https:\/\/borges1896.com\/es\/wp-json\/wp\/v2\/users\/2"}],"replies":[{"embeddable":true,"href":"https:\/\/borges1896.com\/es\/wp-json\/wp\/v2\/comments?post=22877"}],"version-history":[{"count":5,"href":"https:\/\/borges1896.com\/es\/wp-json\/wp\/v2\/pages\/22877\/revisions"}],"predecessor-version":[{"id":23732,"href":"https:\/\/borges1896.com\/es\/wp-json\/wp\/v2\/pages\/22877\/revisions\/23732"}],"wp:attachment":[{"href":"https:\/\/borges1896.com\/es\/wp-json\/wp\/v2\/media?parent=22877"}],"curies":[{"name":"wp","href":"https:\/\/api.w.org\/{rel}","templated":true}]}}