{"id":7471,"date":"2020-10-29T08:23:35","date_gmt":"2020-10-29T08:23:35","guid":{"rendered":"https:\/\/borges1896.com\/?page_id=7471"},"modified":"2021-11-26T08:09:08","modified_gmt":"2021-11-26T08:09:08","slug":"politica-de-cookies","status":"publish","type":"page","link":"https:\/\/borges1896.com\/es\/politica-de-cookies\/","title":{"rendered":"Pol\u00edtica de cookies"},"content":{"rendered":"<p>En relaci\u00f3n a las Cookies durante la navegaci\u00f3n.<\/p>\n<p>La cookie (o galleta inform\u00e1tica) es una peque\u00f1a informaci\u00f3n enviada por un sitio web y almacenada en el navegador del usuario, de manera que el sitio web puede consultar la actividad previa del usuario.<\/p>\n<p><strong>GESTIONAR COOKIES<\/strong><\/p>\n<p>Puede usted permitir, bloquear o eliminar las cookies instaladas en su equipo mediante la configuraci\u00f3n de las opciones del navegador instalado en su ordenador.<\/p>\n<p>Si no est\u00e1 seguro sobre qu\u00e9 tipo y versi\u00f3n de navegador usa para acceder a internet:<\/p>\n<p>Para Windows: click en \u2018Ayuda\u2019 en la parte superior de la ventana de su navegador y seleccione la opci\u00f3n \u2018Acerca de\u2019.<\/p>\n<p><strong>C\u00d3MO GESTIONAR LAS COOKIES EN WINDOWS<\/strong><\/p>\n<p>Google Chrome<\/p>\n<ol>\n<li>Haz clic en el men\u00fa de Chrome Chrome situado en la barra de herramientas del navegador.<\/li>\n<li>Selecciona \u201cConfiguraci\u00f3n\u201d.<\/li>\n<li>Haz clic en \u201cMostrar opciones avanzadas\u2026\u201d<\/li>\n<li>En la secci\u00f3n \u201cPrivacidad\u201d, haz clic en el bot\u00f3n \u201cConfiguraci\u00f3n de contenido\u2026\u201d.<\/li>\n<li>En la secci\u00f3n \u201cCookies\u201d, puedes configurar las opciones que se indican a continuaci\u00f3n: Eliminar cookies, bloquear o permitir las cookies de forma predeterminada, incluir excepciones de cookies de dominios o sitios web espec\u00edficos.<\/li>\n<li>Para mayor detalle consulta la ayuda de Google Chrome.<\/li>\n<\/ol>\n<p>Microsoft Internet Explorer 7.0 y 8.0<\/p>\n<ol>\n<li>Haga clic en el bot\u00f3n \u201cHerramientas\u201d y despu\u00e9s en \u201cOpciones de Internet\u201d.<\/li>\n<li>Haga clic en la ficha \u201cPrivacidad\u201d y, a continuaci\u00f3n, mueva el control deslizante a una posici\u00f3n intermedia entre los extremos superior e inferior, de manera que no se bloqueen ni permitan todas las cookies.<\/li>\n<li>Haga clic en \u201cSitios\u201d.<\/li>\n<li>En el cuadro \u201cDirecci\u00f3n del sitio web\u201d, escriba la direcci\u00f3n de un sitio web y, despu\u00e9s, haga clic en \u201cBloquear\u201d o \u201cPermitir\u201d.<\/li>\n<li>Mientras escriba, ir\u00e1 apareciendo una lista de las p\u00e1ginas web que ya haya visitado. Si hace clic en un elemento de la lista, se mostrar\u00e1 en el cuadro Direcci\u00f3n del sitio web.<\/li>\n<li>Al finalizar, haga clic en \u201cAceptar\u201d.<\/li>\n<li>Vuelva a colocar el control deslizante en su posici\u00f3n original y haga clic en \u201cAceptar\u201d.<\/li>\n<li>Puedes consultar la ayuda de Windows para m\u00e1s informaci\u00f3n.<\/li>\n<\/ol>\n<p>Mozilla Firefox<\/p>\n<ol>\n<li>En la parte superior de la ventana de Firefox, haz clic en el bot\u00f3n Firefox y selecciona \u201cOpciones\u201d.<\/li>\n<li>Selecciona el panel \u201cPrivacidad\u201d.<\/li>\n<li>En \u201cFirefox podr\u00e1:\u201d elige \u201cUsar una configuraci\u00f3n personalizada para el historial\u201d.<\/li>\n<li>Marca la opci\u00f3n \u201cAceptar cookies\u201d para activarlas, y desm\u00e1rcala para desactivarlas.<\/li>\n<li>Si no quieres recibir cookies de teceros desmarca \u201cAceptar cookies de terceros\u201d.<\/li>\n<li>Puedes consultar la ayuda de Mozilla para m\u00e1s informaci\u00f3n<\/li>\n<\/ol>\n<p>Safari<\/p>\n<ol>\n<li>Haga clic en \u201cSafari\u201d en la parte superior de la ventana de su navegador y seleccione la opci\u00f3n \u2018Preferencias\u2019.<\/li>\n<li>Haga clic en \u201cPrivacidad\u201d.<\/li>\n<li>En el apartado \u201cBloquear cookies\u201d seleccione una de las siguientes opciones seg\u00fan le interese: \u201cDe publicidad y terceros\u201d, \u201cSiempre\u201d, o \u201cNunca\u201d.<\/li>\n<\/ol>\n<p>Opera<\/p>\n<ol>\n<li>Haga clic en \u201cConfiguraci\u00f3n\u201d en la parte superior de la ventana del navegador y selecciona \u2018Opciones\u2019.<\/li>\n<li>A continuaci\u00f3n seleccione la pesta\u00f1a \u201cAvanzado\u201d y en la lista de la izquierda seleccionar \u201cCookies\u201d.<\/li>\n<li>A continuaci\u00f3n, seleccione \u201cAceptar cookies\u201d.<\/li>\n<li>Dispone de tres opciones seg\u00fan su preferencia: \u201cAceptar cookies<\/li>\n<\/ol>\n","protected":false},"excerpt":{"rendered":"<p>En relaci\u00f3n a las Cookies durante la navegaci\u00f3n. La cookie (o galleta inform\u00e1tica) es una peque\u00f1a informaci\u00f3n enviada por un&#8230;<\/p>\n","protected":false},"author":2,"featured_media":0,"parent":0,"menu_order":0,"comment_status":"closed","ping_status":"closed","template":"","meta":{"_acf_changed":false,"footnotes":""},"class_list":["post-7471","page","type-page","status-publish","hentry"],"acf":[],"yoast_head":"<!-- This site is optimized with the Yoast SEO plugin v27.2 - https:\/\/yoast.com\/product\/yoast-seo-wordpress\/ -->\n<title>Pol\u00edtica de cookies - Borges<\/title>\n<meta name=\"robots\" content=\"noindex, nofollow\" \/>\n<meta property=\"og:locale\" content=\"es_ES\" \/>\n<meta property=\"og:type\" content=\"article\" \/>\n<meta property=\"og:title\" content=\"Pol\u00edtica de cookies - Borges\" \/>\n<meta property=\"og:description\" content=\"En relaci\u00f3n a las Cookies durante la navegaci\u00f3n. La cookie (o galleta inform\u00e1tica) es una peque\u00f1a informaci\u00f3n enviada por un...\" \/>\n<meta property=\"og:url\" content=\"https:\/\/borges1896.com\/es\/politica-de-cookies\/\" \/>\n<meta property=\"og:site_name\" content=\"Borges\" \/>\n<meta property=\"article:modified_time\" content=\"2021-11-26T08:09:08+00:00\" \/>\n<meta name=\"twitter:card\" content=\"summary_large_image\" \/>\n<meta name=\"twitter:label1\" content=\"Tiempo de lectura\" \/>\n\t<meta name=\"twitter:data1\" content=\"3 minutos\" \/>\n<script type=\"application\/ld+json\" class=\"yoast-schema-graph\">{\"@context\":\"https:\/\/schema.org\",\"@graph\":[{\"@type\":\"WebPage\",\"@id\":\"https:\/\/borges1896.com\/es\/politica-de-cookies\/\",\"url\":\"https:\/\/borges1896.com\/es\/politica-de-cookies\/\",\"name\":\"Pol\u00edtica de cookies - Borges\",\"isPartOf\":{\"@id\":\"https:\/\/borges1896.com\/es\/#website\"},\"datePublished\":\"2020-10-29T08:23:35+00:00\",\"dateModified\":\"2021-11-26T08:09:08+00:00\",\"breadcrumb\":{\"@id\":\"https:\/\/borges1896.com\/es\/politica-de-cookies\/#breadcrumb\"},\"inLanguage\":\"es\",\"potentialAction\":[{\"@type\":\"ReadAction\",\"target\":[\"https:\/\/borges1896.com\/es\/politica-de-cookies\/\"]}]},{\"@type\":\"BreadcrumbList\",\"@id\":\"https:\/\/borges1896.com\/es\/politica-de-cookies\/#breadcrumb\",\"itemListElement\":[{\"@type\":\"ListItem\",\"position\":1,\"name\":\"Home\",\"item\":\"https:\/\/borges1896.com\/es\/\"},{\"@type\":\"ListItem\",\"position\":2,\"name\":\"Pol\u00edtica de cookies\"}]},{\"@type\":\"WebSite\",\"@id\":\"https:\/\/borges1896.com\/es\/#website\",\"url\":\"https:\/\/borges1896.com\/es\/\",\"name\":\"Borges\",\"description\":\"Aqu\u00ed disfrutamos de la cocina saludable y sabrosa. \u00bfTe apuntas?\",\"inLanguage\":\"es\"}]}<\/script>\n<!-- \/ Yoast SEO plugin. -->","yoast_head_json":{"title":"Pol\u00edtica de cookies - Borges","robots":{"index":"noindex","follow":"nofollow"},"og_locale":"es_ES","og_type":"article","og_title":"Pol\u00edtica de cookies - Borges","og_description":"En relaci\u00f3n a las Cookies durante la navegaci\u00f3n. La cookie (o galleta inform\u00e1tica) es una peque\u00f1a informaci\u00f3n enviada por un...","og_url":"https:\/\/borges1896.com\/es\/politica-de-cookies\/","og_site_name":"Borges","article_modified_time":"2021-11-26T08:09:08+00:00","twitter_card":"summary_large_image","twitter_misc":{"Tiempo de lectura":"3 minutos"},"schema":{"@context":"https:\/\/schema.org","@graph":[{"@type":"WebPage","@id":"https:\/\/borges1896.com\/es\/politica-de-cookies\/","url":"https:\/\/borges1896.com\/es\/politica-de-cookies\/","name":"Pol\u00edtica de cookies - Borges","isPartOf":{"@id":"https:\/\/borges1896.com\/es\/#website"},"datePublished":"2020-10-29T08:23:35+00:00","dateModified":"2021-11-26T08:09:08+00:00","breadcrumb":{"@id":"https:\/\/borges1896.com\/es\/politica-de-cookies\/#breadcrumb"},"inLanguage":"es","potentialAction":[{"@type":"ReadAction","target":["https:\/\/borges1896.com\/es\/politica-de-cookies\/"]}]},{"@type":"BreadcrumbList","@id":"https:\/\/borges1896.com\/es\/politica-de-cookies\/#breadcrumb","itemListElement":[{"@type":"ListItem","position":1,"name":"Home","item":"https:\/\/borges1896.com\/es\/"},{"@type":"ListItem","position":2,"name":"Pol\u00edtica de cookies"}]},{"@type":"WebSite","@id":"https:\/\/borges1896.com\/es\/#website","url":"https:\/\/borges1896.com\/es\/","name":"Borges","description":"Aqu\u00ed disfrutamos de la cocina saludable y sabrosa. \u00bfTe apuntas?","inLanguage":"es"}]}},"_links":{"self":[{"href":"https:\/\/borges1896.com\/es\/wp-json\/wp\/v2\/pages\/7471","targetHints":{"allow":["GET"]}}],"collection":[{"href":"https:\/\/borges1896.com\/es\/wp-json\/wp\/v2\/pages"}],"about":[{"href":"https:\/\/borges1896.com\/es\/wp-json\/wp\/v2\/types\/page"}],"author":[{"embeddable":true,"href":"https:\/\/borges1896.com\/es\/wp-json\/wp\/v2\/users\/2"}],"replies":[{"embeddable":true,"href":"https:\/\/borges1896.com\/es\/wp-json\/wp\/v2\/comments?post=7471"}],"version-history":[{"count":1,"href":"https:\/\/borges1896.com\/es\/wp-json\/wp\/v2\/pages\/7471\/revisions"}],"predecessor-version":[{"id":16561,"href":"https:\/\/borges1896.com\/es\/wp-json\/wp\/v2\/pages\/7471\/revisions\/16561"}],"wp:attachment":[{"href":"https:\/\/borges1896.com\/es\/wp-json\/wp\/v2\/media?parent=7471"}],"curies":[{"name":"wp","href":"https:\/\/api.w.org\/{rel}","templated":true}]}}