{"id":8102,"date":"2021-05-19T11:40:56","date_gmt":"2021-05-19T11:40:56","guid":{"rendered":"https:\/\/borges1896.com\/?page_id=8102"},"modified":"2025-02-11T17:57:50","modified_gmt":"2025-02-11T17:57:50","slug":"sobre-nosotros","status":"publish","type":"page","link":"https:\/\/borges1896.com\/es\/sobre-nosotros\/","title":{"rendered":"Sobre nosotros"},"content":{"rendered":"","protected":false},"excerpt":{"rendered":"","protected":false},"author":2,"featured_media":0,"parent":0,"menu_order":0,"comment_status":"closed","ping_status":"closed","template":"views\/template-content.blade.php","meta":{"_acf_changed":false,"footnotes":""},"class_list":["post-8102","page","type-page","status-publish","hentry"],"acf":[],"yoast_head":"<!-- This site is optimized with the Yoast SEO plugin v27.4 - https:\/\/yoast.com\/product\/yoast-seo-wordpress\/ -->\n<title>Borges empresa, con\u00f3cenos - Borges<\/title>\n<meta name=\"description\" content=\"Te presentamos a la empresa Borges, nuestra historia y c\u00f3mo ayudamos a procurar una alimentaci\u00f3n sostenible y los premios que nos han otorgado.\" \/>\n<meta name=\"robots\" content=\"index, follow, max-snippet:-1, max-image-preview:large, max-video-preview:-1\" \/>\n<link rel=\"canonical\" href=\"https:\/\/borges1896.com\/es\/sobre-nosotros\/\" \/>\n<meta property=\"og:locale\" content=\"es_ES\" \/>\n<meta property=\"og:type\" content=\"article\" \/>\n<meta property=\"og:title\" content=\"Borges empresa, con\u00f3cenos - Borges\" \/>\n<meta property=\"og:description\" content=\"Te presentamos a la empresa Borges, nuestra historia y c\u00f3mo ayudamos a procurar una alimentaci\u00f3n sostenible y los premios que nos han otorgado.\" \/>\n<meta property=\"og:url\" content=\"https:\/\/borges1896.com\/es\/sobre-nosotros\/\" \/>\n<meta property=\"og:site_name\" content=\"Borges\" \/>\n<meta property=\"article:modified_time\" content=\"2025-02-11T17:57:50+00:00\" \/>\n<meta name=\"twitter:card\" content=\"summary_large_image\" \/>\n<meta name=\"twitter:label1\" content=\"Tiempo de lectura\" \/>\n\t<meta name=\"twitter:data1\" content=\"6 minutos\" \/>\n<script type=\"application\/ld+json\" class=\"yoast-schema-graph\">{\"@context\":\"https:\\\/\\\/schema.org\",\"@graph\":[{\"@type\":\"WebPage\",\"@id\":\"https:\\\/\\\/borges1896.com\\\/es\\\/sobre-nosotros\\\/\",\"url\":\"https:\\\/\\\/borges1896.com\\\/es\\\/sobre-nosotros\\\/\",\"name\":\"Borges empresa, con\u00f3cenos - Borges\",\"isPartOf\":{\"@id\":\"https:\\\/\\\/borges1896.com\\\/es\\\/#website\"},\"datePublished\":\"2021-05-19T11:40:56+00:00\",\"dateModified\":\"2025-02-11T17:57:50+00:00\",\"description\":\"Te presentamos a la empresa Borges, nuestra historia y c\u00f3mo ayudamos a procurar una alimentaci\u00f3n sostenible y los premios que nos han otorgado.\",\"breadcrumb\":{\"@id\":\"https:\\\/\\\/borges1896.com\\\/es\\\/sobre-nosotros\\\/#breadcrumb\"},\"inLanguage\":\"es\",\"potentialAction\":[{\"@type\":\"ReadAction\",\"target\":[\"https:\\\/\\\/borges1896.com\\\/es\\\/sobre-nosotros\\\/\"]}]},{\"@type\":\"BreadcrumbList\",\"@id\":\"https:\\\/\\\/borges1896.com\\\/es\\\/sobre-nosotros\\\/#breadcrumb\",\"itemListElement\":[{\"@type\":\"ListItem\",\"position\":1,\"name\":\"Home\",\"item\":\"https:\\\/\\\/borges1896.com\\\/es\\\/\"},{\"@type\":\"ListItem\",\"position\":2,\"name\":\"Sobre nosotros\"}]},{\"@type\":\"WebSite\",\"@id\":\"https:\\\/\\\/borges1896.com\\\/es\\\/#website\",\"url\":\"https:\\\/\\\/borges1896.com\\\/es\\\/\",\"name\":\"Borges\",\"description\":\"Aqu\u00ed disfrutamos de la cocina saludable y sabrosa. \u00bfTe apuntas?\",\"inLanguage\":\"es\"}]}<\/script>\n<!-- \/ Yoast SEO plugin. -->","yoast_head_json":{"title":"Borges empresa, con\u00f3cenos - Borges","description":"Te presentamos a la empresa Borges, nuestra historia y c\u00f3mo ayudamos a procurar una alimentaci\u00f3n sostenible y los premios que nos han otorgado.","robots":{"index":"index","follow":"follow","max-snippet":"max-snippet:-1","max-image-preview":"max-image-preview:large","max-video-preview":"max-video-preview:-1"},"canonical":"https:\/\/borges1896.com\/es\/sobre-nosotros\/","og_locale":"es_ES","og_type":"article","og_title":"Borges empresa, con\u00f3cenos - Borges","og_description":"Te presentamos a la empresa Borges, nuestra historia y c\u00f3mo ayudamos a procurar una alimentaci\u00f3n sostenible y los premios que nos han otorgado.","og_url":"https:\/\/borges1896.com\/es\/sobre-nosotros\/","og_site_name":"Borges","article_modified_time":"2025-02-11T17:57:50+00:00","twitter_card":"summary_large_image","twitter_misc":{"Tiempo de lectura":"6 minutos"},"schema":{"@context":"https:\/\/schema.org","@graph":[{"@type":"WebPage","@id":"https:\/\/borges1896.com\/es\/sobre-nosotros\/","url":"https:\/\/borges1896.com\/es\/sobre-nosotros\/","name":"Borges empresa, con\u00f3cenos - Borges","isPartOf":{"@id":"https:\/\/borges1896.com\/es\/#website"},"datePublished":"2021-05-19T11:40:56+00:00","dateModified":"2025-02-11T17:57:50+00:00","description":"Te presentamos a la empresa Borges, nuestra historia y c\u00f3mo ayudamos a procurar una alimentaci\u00f3n sostenible y los premios que nos han otorgado.","breadcrumb":{"@id":"https:\/\/borges1896.com\/es\/sobre-nosotros\/#breadcrumb"},"inLanguage":"es","potentialAction":[{"@type":"ReadAction","target":["https:\/\/borges1896.com\/es\/sobre-nosotros\/"]}]},{"@type":"BreadcrumbList","@id":"https:\/\/borges1896.com\/es\/sobre-nosotros\/#breadcrumb","itemListElement":[{"@type":"ListItem","position":1,"name":"Home","item":"https:\/\/borges1896.com\/es\/"},{"@type":"ListItem","position":2,"name":"Sobre nosotros"}]},{"@type":"WebSite","@id":"https:\/\/borges1896.com\/es\/#website","url":"https:\/\/borges1896.com\/es\/","name":"Borges","description":"Aqu\u00ed disfrutamos de la cocina saludable y sabrosa. \u00bfTe apuntas?","inLanguage":"es"}]}},"_links":{"self":[{"href":"https:\/\/borges1896.com\/es\/wp-json\/wp\/v2\/pages\/8102","targetHints":{"allow":["GET"]}}],"collection":[{"href":"https:\/\/borges1896.com\/es\/wp-json\/wp\/v2\/pages"}],"about":[{"href":"https:\/\/borges1896.com\/es\/wp-json\/wp\/v2\/types\/page"}],"author":[{"embeddable":true,"href":"https:\/\/borges1896.com\/es\/wp-json\/wp\/v2\/users\/2"}],"replies":[{"embeddable":true,"href":"https:\/\/borges1896.com\/es\/wp-json\/wp\/v2\/comments?post=8102"}],"version-history":[{"count":4,"href":"https:\/\/borges1896.com\/es\/wp-json\/wp\/v2\/pages\/8102\/revisions"}],"predecessor-version":[{"id":73302,"href":"https:\/\/borges1896.com\/es\/wp-json\/wp\/v2\/pages\/8102\/revisions\/73302"}],"wp:attachment":[{"href":"https:\/\/borges1896.com\/es\/wp-json\/wp\/v2\/media?parent=8102"}],"curies":[{"name":"wp","href":"https:\/\/api.w.org\/{rel}","templated":true}]}}