{"id":8527,"date":"2021-05-31T11:36:15","date_gmt":"2021-05-31T11:36:15","guid":{"rendered":"https:\/\/borges1896.com\/?page_id=8527"},"modified":"2021-08-30T13:42:05","modified_gmt":"2021-08-30T13:42:05","slug":"productos","status":"publish","type":"page","link":"https:\/\/borges1896.com\/es\/productos\/","title":{"rendered":"Productos"},"content":{"rendered":"","protected":false},"excerpt":{"rendered":"","protected":false},"author":2,"featured_media":0,"parent":0,"menu_order":0,"comment_status":"closed","ping_status":"closed","template":"views\/template-product.blade.php","meta":{"_acf_changed":false,"footnotes":""},"class_list":["post-8527","page","type-page","status-publish","hentry"],"acf":[],"yoast_head":"<!-- This site is optimized with the Yoast SEO plugin v27.2 - https:\/\/yoast.com\/product\/yoast-seo-wordpress\/ -->\n<title>Los mejores productos de la dieta mediterr\u00e1nea - Borges<\/title>\n<meta name=\"description\" content=\"Nuestra oferta se basa en algunos de los productos mediterr\u00e1neos m\u00e1s significativos, como el aceite de oliva y los frutos secos. \u00a1Entra para conocerlos!\" \/>\n<meta name=\"robots\" content=\"index, follow, max-snippet:-1, max-image-preview:large, max-video-preview:-1\" \/>\n<link rel=\"canonical\" href=\"https:\/\/borges1896.com\/es\/productos\/\" \/>\n<meta property=\"og:locale\" content=\"es_ES\" \/>\n<meta property=\"og:type\" content=\"article\" \/>\n<meta property=\"og:title\" content=\"Los mejores productos de la dieta mediterr\u00e1nea - Borges\" \/>\n<meta property=\"og:description\" content=\"Nuestra oferta se basa en algunos de los productos mediterr\u00e1neos m\u00e1s significativos, como el aceite de oliva y los frutos secos. \u00a1Entra para conocerlos!\" \/>\n<meta property=\"og:url\" content=\"https:\/\/borges1896.com\/es\/productos\/\" \/>\n<meta property=\"og:site_name\" content=\"Borges\" \/>\n<meta property=\"article:modified_time\" content=\"2021-08-30T13:42:05+00:00\" \/>\n<meta name=\"twitter:card\" content=\"summary_large_image\" \/>\n<script type=\"application\/ld+json\" class=\"yoast-schema-graph\">{\"@context\":\"https:\/\/schema.org\",\"@graph\":[{\"@type\":\"WebPage\",\"@id\":\"https:\/\/borges1896.com\/es\/productos\/\",\"url\":\"https:\/\/borges1896.com\/es\/productos\/\",\"name\":\"Los mejores productos de la dieta mediterr\u00e1nea - Borges\",\"isPartOf\":{\"@id\":\"https:\/\/borges1896.com\/es\/#website\"},\"datePublished\":\"2021-05-31T11:36:15+00:00\",\"dateModified\":\"2021-08-30T13:42:05+00:00\",\"description\":\"Nuestra oferta se basa en algunos de los productos mediterr\u00e1neos m\u00e1s significativos, como el aceite de oliva y los frutos secos. \u00a1Entra para conocerlos!\",\"breadcrumb\":{\"@id\":\"https:\/\/borges1896.com\/es\/productos\/#breadcrumb\"},\"inLanguage\":\"es\",\"potentialAction\":[{\"@type\":\"ReadAction\",\"target\":[\"https:\/\/borges1896.com\/es\/productos\/\"]}]},{\"@type\":\"BreadcrumbList\",\"@id\":\"https:\/\/borges1896.com\/es\/productos\/#breadcrumb\",\"itemListElement\":[{\"@type\":\"ListItem\",\"position\":1,\"name\":\"Home\",\"item\":\"https:\/\/borges1896.com\/es\/\"},{\"@type\":\"ListItem\",\"position\":2,\"name\":\"Productos\"}]},{\"@type\":\"WebSite\",\"@id\":\"https:\/\/borges1896.com\/es\/#website\",\"url\":\"https:\/\/borges1896.com\/es\/\",\"name\":\"Borges\",\"description\":\"Aqu\u00ed disfrutamos de la cocina saludable y sabrosa. \u00bfTe apuntas?\",\"inLanguage\":\"es\"}]}<\/script>\n<!-- \/ Yoast SEO plugin. -->","yoast_head_json":{"title":"Los mejores productos de la dieta mediterr\u00e1nea - Borges","description":"Nuestra oferta se basa en algunos de los productos mediterr\u00e1neos m\u00e1s significativos, como el aceite de oliva y los frutos secos. \u00a1Entra para conocerlos!","robots":{"index":"index","follow":"follow","max-snippet":"max-snippet:-1","max-image-preview":"max-image-preview:large","max-video-preview":"max-video-preview:-1"},"canonical":"https:\/\/borges1896.com\/es\/productos\/","og_locale":"es_ES","og_type":"article","og_title":"Los mejores productos de la dieta mediterr\u00e1nea - Borges","og_description":"Nuestra oferta se basa en algunos de los productos mediterr\u00e1neos m\u00e1s significativos, como el aceite de oliva y los frutos secos. \u00a1Entra para conocerlos!","og_url":"https:\/\/borges1896.com\/es\/productos\/","og_site_name":"Borges","article_modified_time":"2021-08-30T13:42:05+00:00","twitter_card":"summary_large_image","schema":{"@context":"https:\/\/schema.org","@graph":[{"@type":"WebPage","@id":"https:\/\/borges1896.com\/es\/productos\/","url":"https:\/\/borges1896.com\/es\/productos\/","name":"Los mejores productos de la dieta mediterr\u00e1nea - Borges","isPartOf":{"@id":"https:\/\/borges1896.com\/es\/#website"},"datePublished":"2021-05-31T11:36:15+00:00","dateModified":"2021-08-30T13:42:05+00:00","description":"Nuestra oferta se basa en algunos de los productos mediterr\u00e1neos m\u00e1s significativos, como el aceite de oliva y los frutos secos. \u00a1Entra para conocerlos!","breadcrumb":{"@id":"https:\/\/borges1896.com\/es\/productos\/#breadcrumb"},"inLanguage":"es","potentialAction":[{"@type":"ReadAction","target":["https:\/\/borges1896.com\/es\/productos\/"]}]},{"@type":"BreadcrumbList","@id":"https:\/\/borges1896.com\/es\/productos\/#breadcrumb","itemListElement":[{"@type":"ListItem","position":1,"name":"Home","item":"https:\/\/borges1896.com\/es\/"},{"@type":"ListItem","position":2,"name":"Productos"}]},{"@type":"WebSite","@id":"https:\/\/borges1896.com\/es\/#website","url":"https:\/\/borges1896.com\/es\/","name":"Borges","description":"Aqu\u00ed disfrutamos de la cocina saludable y sabrosa. \u00bfTe apuntas?","inLanguage":"es"}]}},"_links":{"self":[{"href":"https:\/\/borges1896.com\/es\/wp-json\/wp\/v2\/pages\/8527","targetHints":{"allow":["GET"]}}],"collection":[{"href":"https:\/\/borges1896.com\/es\/wp-json\/wp\/v2\/pages"}],"about":[{"href":"https:\/\/borges1896.com\/es\/wp-json\/wp\/v2\/types\/page"}],"author":[{"embeddable":true,"href":"https:\/\/borges1896.com\/es\/wp-json\/wp\/v2\/users\/2"}],"replies":[{"embeddable":true,"href":"https:\/\/borges1896.com\/es\/wp-json\/wp\/v2\/comments?post=8527"}],"version-history":[{"count":1,"href":"https:\/\/borges1896.com\/es\/wp-json\/wp\/v2\/pages\/8527\/revisions"}],"predecessor-version":[{"id":16668,"href":"https:\/\/borges1896.com\/es\/wp-json\/wp\/v2\/pages\/8527\/revisions\/16668"}],"wp:attachment":[{"href":"https:\/\/borges1896.com\/es\/wp-json\/wp\/v2\/media?parent=8527"}],"curies":[{"name":"wp","href":"https:\/\/api.w.org\/{rel}","templated":true}]}}